{"id":2038,"date":"2023-09-14T10:34:01","date_gmt":"2023-09-14T08:34:01","guid":{"rendered":"https:\/\/vicleakdetection.com\/fabricacion-por-contrato"},"modified":"2025-10-16T08:11:32","modified_gmt":"2025-10-16T14:11:32","slug":"fabricacion-por-contrato","status":"publish","type":"page","link":"https:\/\/vicleakdetection.com\/mx\/fabricacion-por-contrato","title":{"rendered":"Fabricaci\u00f3n por contrato"},"content":{"rendered":"<div class=\"fusion-fullwidth fullwidth-box fusion-builder-row-1 fusion-flex-container nonhundred-percent-fullwidth non-hundred-percent-height-scrolling\" style=\"--awb-border-radius-top-left:0px;--awb-border-radius-top-right:0px;--awb-border-radius-bottom-right:0px;--awb-border-radius-bottom-left:0px;--awb-flex-wrap:wrap;\" ><div class=\"fusion-builder-row fusion-row fusion-flex-align-items-flex-start fusion-flex-content-wrap\" style=\"max-width:1248px;margin-left: calc(-4% \/ 2 );margin-right: calc(-4% \/ 2 );\"><div class=\"fusion-layout-column fusion_builder_column fusion-builder-column-0 fusion_builder_column_1_1 1_1 fusion-flex-column\" style=\"--awb-bg-blend:overlay;--awb-bg-size:cover;--awb-width-large:100%;--awb-margin-top-large:0px;--awb-spacing-right-large:1.92%;--awb-margin-bottom-large:0px;--awb-spacing-left-large:1.92%;--awb-width-medium:100%;--awb-spacing-right-medium:1.92%;--awb-spacing-left-medium:1.92%;--awb-width-small:100%;--awb-spacing-right-small:1.92%;--awb-spacing-left-small:1.92%;\"><div class=\"fusion-column-wrapper fusion-flex-justify-content-flex-start fusion-content-layout-column\"><div class=\"fusion-title title fusion-title-1 fusion-sep-none fusion-title-text fusion-title-size-div\" style=\"--awb-text-color:#141617;--awb-font-size:24px;\"><div class=\"fusion-title-heading title-heading-left title-heading-tag\" style=\"margin:0;font-size:1em;\"><h1><strong>Fabricaci\u00f3n por contrato<\/strong><\/h1><\/div><\/div><div class=\"fusion-separator\" style=\"align-self: flex-start;margin-right:auto;width:100%;max-width:60px;\"><div class=\"fusion-separator-border sep-single sep-solid\" style=\"--awb-height:20px;--awb-amount:20px;--awb-sep-color:var(--awb-color5);border-color:var(--awb-color5);border-top-width:3px;\"><\/div><\/div><div class=\"fusion-text fusion-text-1\"><p>Vacuum Instruments Corporation tiene su sede en Nueva York y cuenta con una planta de producci\u00f3n y un taller mec\u00e1nico plenamente operativos. Electricistas, soldadores e ingenieros est\u00e1n a su disposici\u00f3n para gestionar o completar sus proyectos.<\/p>\n<p>Nuestra planta de fabricaci\u00f3n de Nueva York cuenta con las herramientas, la experiencia y los conocimientos necesarios para guiarle a lo largo del proceso de fabricaci\u00f3n. Ofrecemos:<\/p>\n<ul>\n<li>Dise\u00f1o de Sistemas e Ingenier\u00eda<\/li>\n<li>Ensamblaje mec\u00e1nico<\/li>\n<li>Montaje El\u00e9ctrico y cableado<\/li>\n<li>Marcos y soldaduras especiales realizadas por soldadores certificados por AWS<\/li>\n<li>Mecanizado CNC de prototipos o piezas de producci\u00f3n<\/li>\n<\/ul>\n<\/div><\/div><\/div><\/div><\/div>\n","protected":false},"excerpt":{"rendered":"","protected":false},"author":1,"featured_media":0,"parent":0,"menu_order":0,"comment_status":"closed","ping_status":"closed","template":"100-width.php","meta":{"content-type":"","footnotes":""},"class_list":["post-2038","page","type-page","status-publish","hentry"],"yoast_head":"<!-- This site is optimized with the Yoast SEO plugin v27.2 - https:\/\/yoast.com\/product\/yoast-seo-wordpress\/ -->\n<title>Fabricaci\u00f3n por contrato - VIC Detecci\u00f3n de Fugas<\/title>\n<meta name=\"description\" content=\"Fabricaci\u00f3n por contrato con VIC: ingenier\u00eda, ensamblaje, soldadura y mecanizado CNC en una planta totalmente equipada en Nueva York.\" \/>\n<meta name=\"robots\" content=\"index, follow, max-snippet:-1, max-image-preview:large, max-video-preview:-1\" \/>\n<link rel=\"canonical\" href=\"https:\/\/vicleakdetection.com\/mx\/fabricacion-por-contrato\" \/>\n<meta property=\"og:locale\" content=\"es_MX\" \/>\n<meta property=\"og:type\" content=\"article\" \/>\n<meta property=\"og:title\" content=\"Fabricaci\u00f3n por contrato - VIC Detecci\u00f3n de Fugas\" \/>\n<meta property=\"og:description\" content=\"Fabricaci\u00f3n por contrato con VIC: ingenier\u00eda, ensamblaje, soldadura y mecanizado CNC en una planta totalmente equipada en Nueva York.\" \/>\n<meta property=\"og:url\" content=\"https:\/\/vicleakdetection.com\/mx\/fabricacion-por-contrato\" \/>\n<meta property=\"og:site_name\" content=\"VIC Detecci\u00f3n de Fugas\" \/>\n<meta property=\"article:modified_time\" content=\"2025-10-16T14:11:32+00:00\" \/>\n<meta name=\"twitter:card\" content=\"summary_large_image\" \/>\n<script type=\"application\/ld+json\" class=\"yoast-schema-graph\">{\"@context\":\"https:\/\/schema.org\",\"@graph\":[{\"@type\":\"WebPage\",\"@id\":\"https:\/\/vicleakdetection.com\/mx\/fabricacion-por-contrato\",\"url\":\"https:\/\/vicleakdetection.com\/mx\/fabricacion-por-contrato\",\"name\":\"Fabricaci\u00f3n por contrato - VIC Detecci\u00f3n de Fugas\",\"isPartOf\":{\"@id\":\"https:\/\/vicleakdetection.com\/mx#website\"},\"datePublished\":\"2023-09-14T08:34:01+00:00\",\"dateModified\":\"2025-10-16T14:11:32+00:00\",\"description\":\"Fabricaci\u00f3n por contrato con VIC: ingenier\u00eda, ensamblaje, soldadura y mecanizado CNC en una planta totalmente equipada en Nueva York.\",\"breadcrumb\":{\"@id\":\"https:\/\/vicleakdetection.com\/mx\/fabricacion-por-contrato#breadcrumb\"},\"inLanguage\":\"es\",\"potentialAction\":[{\"@type\":\"ReadAction\",\"target\":[\"https:\/\/vicleakdetection.com\/mx\/fabricacion-por-contrato\"]}]},{\"@type\":\"BreadcrumbList\",\"@id\":\"https:\/\/vicleakdetection.com\/mx\/fabricacion-por-contrato#breadcrumb\",\"itemListElement\":[{\"@type\":\"ListItem\",\"position\":1,\"name\":\"VIC\",\"item\":\"https:\/\/vicleakdetection.com\/mx\"},{\"@type\":\"ListItem\",\"position\":2,\"name\":\"Fabricaci\u00f3n por contrato\"}]},{\"@type\":\"WebSite\",\"@id\":\"https:\/\/vicleakdetection.com\/mx#website\",\"url\":\"https:\/\/vicleakdetection.com\/mx\",\"name\":\"Vacuum Instrument\",\"description\":\"\",\"publisher\":{\"@id\":\"https:\/\/vicleakdetection.com\/mx#organization\"},\"alternateName\":\"VIC\",\"potentialAction\":[{\"@type\":\"SearchAction\",\"target\":{\"@type\":\"EntryPoint\",\"urlTemplate\":\"https:\/\/vicleakdetection.com\/mx?s={search_term_string}\"},\"query-input\":{\"@type\":\"PropertyValueSpecification\",\"valueRequired\":true,\"valueName\":\"search_term_string\"}}],\"inLanguage\":\"es\"},{\"@type\":\"Organization\",\"@id\":\"https:\/\/vicleakdetection.com\/mx#organization\",\"name\":\"Vacuum Instruments Corp.\",\"alternateName\":\"VIC\",\"url\":\"https:\/\/vicleakdetection.com\/mx\",\"logo\":{\"@type\":\"ImageObject\",\"inLanguage\":\"es\",\"@id\":\"https:\/\/vicleakdetection.com\/mx#\/schema\/logo\/image\/\",\"url\":\"https:\/\/vicleakdetection.com\/wp-content\/uploads\/2024\/03\/VIC.png\",\"contentUrl\":\"https:\/\/vicleakdetection.com\/wp-content\/uploads\/2024\/03\/VIC.png\",\"width\":4500,\"height\":4500,\"caption\":\"Vacuum Instruments Corp.\"},\"image\":{\"@id\":\"https:\/\/vicleakdetection.com\/mx#\/schema\/logo\/image\/\"},\"sameAs\":[\"https:\/\/www.linkedin.com\/company\/vic-leak-detection\/\"]}]}<\/script>\n<!-- \/ Yoast SEO plugin. -->","yoast_head_json":{"title":"Fabricaci\u00f3n por contrato - VIC Detecci\u00f3n de Fugas","description":"Fabricaci\u00f3n por contrato con VIC: ingenier\u00eda, ensamblaje, soldadura y mecanizado CNC en una planta totalmente equipada en Nueva York.","robots":{"index":"index","follow":"follow","max-snippet":"max-snippet:-1","max-image-preview":"max-image-preview:large","max-video-preview":"max-video-preview:-1"},"canonical":"https:\/\/vicleakdetection.com\/mx\/fabricacion-por-contrato","og_locale":"es_MX","og_type":"article","og_title":"Fabricaci\u00f3n por contrato - VIC Detecci\u00f3n de Fugas","og_description":"Fabricaci\u00f3n por contrato con VIC: ingenier\u00eda, ensamblaje, soldadura y mecanizado CNC en una planta totalmente equipada en Nueva York.","og_url":"https:\/\/vicleakdetection.com\/mx\/fabricacion-por-contrato","og_site_name":"VIC Detecci\u00f3n de Fugas","article_modified_time":"2025-10-16T14:11:32+00:00","twitter_card":"summary_large_image","schema":{"@context":"https:\/\/schema.org","@graph":[{"@type":"WebPage","@id":"https:\/\/vicleakdetection.com\/mx\/fabricacion-por-contrato","url":"https:\/\/vicleakdetection.com\/mx\/fabricacion-por-contrato","name":"Fabricaci\u00f3n por contrato - VIC Detecci\u00f3n de Fugas","isPartOf":{"@id":"https:\/\/vicleakdetection.com\/mx#website"},"datePublished":"2023-09-14T08:34:01+00:00","dateModified":"2025-10-16T14:11:32+00:00","description":"Fabricaci\u00f3n por contrato con VIC: ingenier\u00eda, ensamblaje, soldadura y mecanizado CNC en una planta totalmente equipada en Nueva York.","breadcrumb":{"@id":"https:\/\/vicleakdetection.com\/mx\/fabricacion-por-contrato#breadcrumb"},"inLanguage":"es","potentialAction":[{"@type":"ReadAction","target":["https:\/\/vicleakdetection.com\/mx\/fabricacion-por-contrato"]}]},{"@type":"BreadcrumbList","@id":"https:\/\/vicleakdetection.com\/mx\/fabricacion-por-contrato#breadcrumb","itemListElement":[{"@type":"ListItem","position":1,"name":"VIC","item":"https:\/\/vicleakdetection.com\/mx"},{"@type":"ListItem","position":2,"name":"Fabricaci\u00f3n por contrato"}]},{"@type":"WebSite","@id":"https:\/\/vicleakdetection.com\/mx#website","url":"https:\/\/vicleakdetection.com\/mx","name":"Vacuum Instrument","description":"","publisher":{"@id":"https:\/\/vicleakdetection.com\/mx#organization"},"alternateName":"VIC","potentialAction":[{"@type":"SearchAction","target":{"@type":"EntryPoint","urlTemplate":"https:\/\/vicleakdetection.com\/mx?s={search_term_string}"},"query-input":{"@type":"PropertyValueSpecification","valueRequired":true,"valueName":"search_term_string"}}],"inLanguage":"es"},{"@type":"Organization","@id":"https:\/\/vicleakdetection.com\/mx#organization","name":"Vacuum Instruments Corp.","alternateName":"VIC","url":"https:\/\/vicleakdetection.com\/mx","logo":{"@type":"ImageObject","inLanguage":"es","@id":"https:\/\/vicleakdetection.com\/mx#\/schema\/logo\/image\/","url":"https:\/\/vicleakdetection.com\/wp-content\/uploads\/2024\/03\/VIC.png","contentUrl":"https:\/\/vicleakdetection.com\/wp-content\/uploads\/2024\/03\/VIC.png","width":4500,"height":4500,"caption":"Vacuum Instruments Corp."},"image":{"@id":"https:\/\/vicleakdetection.com\/mx#\/schema\/logo\/image\/"},"sameAs":["https:\/\/www.linkedin.com\/company\/vic-leak-detection\/"]}]}},"_links":{"self":[{"href":"https:\/\/vicleakdetection.com\/mx\/wp-json\/wp\/v2\/pages\/2038","targetHints":{"allow":["GET"]}}],"collection":[{"href":"https:\/\/vicleakdetection.com\/mx\/wp-json\/wp\/v2\/pages"}],"about":[{"href":"https:\/\/vicleakdetection.com\/mx\/wp-json\/wp\/v2\/types\/page"}],"author":[{"embeddable":true,"href":"https:\/\/vicleakdetection.com\/mx\/wp-json\/wp\/v2\/users\/1"}],"replies":[{"embeddable":true,"href":"https:\/\/vicleakdetection.com\/mx\/wp-json\/wp\/v2\/comments?post=2038"}],"version-history":[{"count":6,"href":"https:\/\/vicleakdetection.com\/mx\/wp-json\/wp\/v2\/pages\/2038\/revisions"}],"predecessor-version":[{"id":4806,"href":"https:\/\/vicleakdetection.com\/mx\/wp-json\/wp\/v2\/pages\/2038\/revisions\/4806"}],"wp:attachment":[{"href":"https:\/\/vicleakdetection.com\/mx\/wp-json\/wp\/v2\/media?parent=2038"}],"curies":[{"name":"wp","href":"https:\/\/api.w.org\/{rel}","templated":true}]}}