{"id":2105,"date":"2023-09-14T11:03:48","date_gmt":"2023-09-14T09:03:48","guid":{"rendered":"https:\/\/vicleakdetection.com\/mantenimiento-y-reparacion-a-nivel-de-almacen"},"modified":"2025-09-08T11:55:06","modified_gmt":"2025-09-08T15:55:06","slug":"mantenimiento-y-reparacion-a-nivel-de-almacen","status":"publish","type":"page","link":"https:\/\/vicleakdetection.com\/mx\/mantenimiento-y-reparacion-a-nivel-de-almacen","title":{"rendered":"Mantenimiento y Reparaci\u00f3n a Nivel de Almac\u00e9n"},"content":{"rendered":"<p><div class=\"fusion-fullwidth fullwidth-box fusion-builder-row-1 fusion-flex-container has-pattern-background has-mask-background nonhundred-percent-fullwidth non-hundred-percent-height-scrolling\" style=\"--awb-border-radius-top-left:0px;--awb-border-radius-top-right:0px;--awb-border-radius-bottom-right:0px;--awb-border-radius-bottom-left:0px;--awb-flex-wrap:wrap;\" ><div class=\"fusion-builder-row fusion-row fusion-flex-align-items-flex-start fusion-flex-content-wrap\" style=\"max-width:1248px;margin-left: calc(-4% \/ 2 );margin-right: calc(-4% \/ 2 );\"><div class=\"fusion-layout-column fusion_builder_column fusion-builder-column-0 fusion_builder_column_1_1 1_1 fusion-flex-column\" style=\"--awb-bg-size:cover;--awb-width-large:100%;--awb-margin-top-large:0px;--awb-spacing-right-large:1.92%;--awb-margin-bottom-large:20px;--awb-spacing-left-large:1.92%;--awb-width-medium:100%;--awb-order-medium:0;--awb-spacing-right-medium:1.92%;--awb-spacing-left-medium:1.92%;--awb-width-small:100%;--awb-order-small:0;--awb-spacing-right-small:1.92%;--awb-spacing-left-small:1.92%;\"><div class=\"fusion-column-wrapper fusion-column-has-shadow fusion-flex-justify-content-flex-start fusion-content-layout-column\"><div class=\"fusion-text fusion-text-1\"><h1>Depot: Servicio integral de reparaci\u00f3n de detectores de fugas<\/h1>\n<p>Este programa permite a los clientes devolver una unidad a nuestra sede corporativa en Nueva York para su evaluaci\u00f3n y mantenimiento. Una vez recibida y evaluada la unidad, los clientes reciben un presupuesto por escrito en el que se indican las reparaciones o el mantenimiento necesarios para devolver la unidad a las condiciones de funcionamiento de f\u00e1brica. Las reparaciones s\u00f3lo se realizan previa autorizaci\u00f3n del cliente. El plazo de entrega suele ser de 1 a 2 semanas tras la autorizaci\u00f3n.<\/p>\n<p>Antes de devolver la unidad, comun\u00edquese con nuestro administrador de servicios al 631-737-0900 ext 134 o <a href=\"mailto:service@vicleakdetection.com\">service@vicleakdetection.com<\/a> para recibir un n\u00famero de autorizaci\u00f3n de devoluci\u00f3n.<\/p>\n<p><strong>Direcci\u00f3n de env\u00edo<\/strong><\/p>\n<p>VIC Leak Detection<br \/>\n2101 Ninth Ave<br \/>\nRonkonkoma, NY 11779<\/p>\n<\/div><\/div><\/div><\/div><\/div><div class=\"fusion-fullwidth fullwidth-box fusion-builder-row-2 fusion-flex-container has-pattern-background has-mask-background nonhundred-percent-fullwidth non-hundred-percent-height-scrolling\" style=\"--awb-border-radius-top-left:0px;--awb-border-radius-top-right:0px;--awb-border-radius-bottom-right:0px;--awb-border-radius-bottom-left:0px;--awb-background-color:#c2c2c2;--awb-flex-wrap:wrap;\" ><div class=\"fusion-builder-row fusion-row fusion-flex-align-items-flex-start fusion-flex-content-wrap\" style=\"max-width:1248px;margin-left: calc(-4% \/ 2 );margin-right: calc(-4% \/ 2 );\"><div class=\"fusion-layout-column fusion_builder_column fusion-builder-column-1 fusion_builder_column_1_1 1_1 fusion-flex-column\" style=\"--awb-bg-size:cover;--awb-width-large:100%;--awb-margin-top-large:20px;--awb-spacing-right-large:1.92%;--awb-margin-bottom-large:20px;--awb-spacing-left-large:1.92%;--awb-width-medium:100%;--awb-order-medium:0;--awb-spacing-right-medium:1.92%;--awb-spacing-left-medium:1.92%;--awb-width-small:100%;--awb-order-small:0;--awb-spacing-right-small:1.92%;--awb-spacing-left-small:1.92%;\" data-scroll-devices=\"small-visibility,medium-visibility,large-visibility\"><div class=\"fusion-column-wrapper fusion-column-has-shadow fusion-flex-justify-content-flex-start fusion-content-layout-column\"><div class=\"fusion-text fusion-text-2\"><h3><strong>SERVICIOS<\/strong><\/h3>\n<p><a href=\"https:\/\/vicleakdetection.com\/page\/1021\/total-customer-service-and-application-support\">Servicio y Soporte<\/a> | <a href=\"https:\/\/vicleakdetection.com\/page\/1045\/service-agreements\">Acuerdos de servicio YieldGuard\u2120<\/a> | <a href=\"https:\/\/vicleakdetection.com\/page\/1046\/upgrade-packages\">Paquetes de actualizaci\u00f3n<\/a> | <a href=\"https:\/\/vicleakdetection.com\/page\/1047\/product-application-training\">Capacitaci\u00f3n sobre Productos y Aplicaciones <\/a> | Soporte T\u00e9cnico Remoto y Soporte Laboral en Sitio | Mantenimiento y reparaci\u00f3n a nivel de dep\u00f3sito | <a href=\"https:\/\/vicleakdetection.com\/page\/1050\/spare-parts\">Repuestos<\/a> | <a href=\"https:\/\/vicleakdetection.com\/page\/1051\/rentals\">Alquileres<\/a> | <a href=\"https:\/\/vicleakdetection.com\/page\/1052\/gas-leak-recalibration\">Recalibraci\u00f3n de Fugas de Gas<\/a> | Fabricaci\u00f3n por contrato<\/p>\n<\/div><\/div><\/div><\/div><\/div><\/p>\n","protected":false},"excerpt":{"rendered":"","protected":false},"author":1,"featured_media":0,"parent":0,"menu_order":0,"comment_status":"closed","ping_status":"closed","template":"100-width.php","meta":{"content-type":"","footnotes":""},"class_list":["post-2105","page","type-page","status-publish","hentry"],"yoast_head":"<!-- This site is optimized with the Yoast SEO plugin v27.2 - https:\/\/yoast.com\/product\/yoast-seo-wordpress\/ -->\n<title>Mantenimiento y Reparaci\u00f3n a Nivel de Almac\u00e9n - VIC<\/title>\n<meta name=\"description\" content=\"Servicio integral de reparaci\u00f3n de detectores de fugas en VIC con evaluaci\u00f3n y mantenimiento, entrega en 1-2 semanas tras aprobaci\u00f3n.\" \/>\n<meta name=\"robots\" content=\"index, follow, max-snippet:-1, max-image-preview:large, max-video-preview:-1\" \/>\n<link rel=\"canonical\" href=\"https:\/\/vicleakdetection.com\/mx\/mantenimiento-y-reparacion-a-nivel-de-almacen\" \/>\n<meta property=\"og:locale\" content=\"es_MX\" \/>\n<meta property=\"og:type\" content=\"article\" \/>\n<meta property=\"og:title\" content=\"Mantenimiento y Reparaci\u00f3n a Nivel de Almac\u00e9n - VIC\" \/>\n<meta property=\"og:description\" content=\"Servicio integral de reparaci\u00f3n de detectores de fugas en VIC con evaluaci\u00f3n y mantenimiento, entrega en 1-2 semanas tras aprobaci\u00f3n.\" \/>\n<meta property=\"og:url\" content=\"https:\/\/vicleakdetection.com\/mx\/mantenimiento-y-reparacion-a-nivel-de-almacen\" \/>\n<meta property=\"og:site_name\" content=\"VIC Detecci\u00f3n de Fugas\" \/>\n<meta property=\"article:modified_time\" content=\"2025-09-08T15:55:06+00:00\" \/>\n<meta name=\"twitter:card\" content=\"summary_large_image\" \/>\n<script type=\"application\/ld+json\" class=\"yoast-schema-graph\">{\"@context\":\"https:\/\/schema.org\",\"@graph\":[{\"@type\":\"WebPage\",\"@id\":\"https:\/\/vicleakdetection.com\/mx\/mantenimiento-y-reparacion-a-nivel-de-almacen\",\"url\":\"https:\/\/vicleakdetection.com\/mx\/mantenimiento-y-reparacion-a-nivel-de-almacen\",\"name\":\"Mantenimiento y Reparaci\u00f3n a Nivel de Almac\u00e9n - VIC\",\"isPartOf\":{\"@id\":\"https:\/\/vicleakdetection.com\/mx#website\"},\"datePublished\":\"2023-09-14T09:03:48+00:00\",\"dateModified\":\"2025-09-08T15:55:06+00:00\",\"description\":\"Servicio integral de reparaci\u00f3n de detectores de fugas en VIC con evaluaci\u00f3n y mantenimiento, entrega en 1-2 semanas tras aprobaci\u00f3n.\",\"breadcrumb\":{\"@id\":\"https:\/\/vicleakdetection.com\/mx\/mantenimiento-y-reparacion-a-nivel-de-almacen#breadcrumb\"},\"inLanguage\":\"es\",\"potentialAction\":[{\"@type\":\"ReadAction\",\"target\":[\"https:\/\/vicleakdetection.com\/mx\/mantenimiento-y-reparacion-a-nivel-de-almacen\"]}]},{\"@type\":\"BreadcrumbList\",\"@id\":\"https:\/\/vicleakdetection.com\/mx\/mantenimiento-y-reparacion-a-nivel-de-almacen#breadcrumb\",\"itemListElement\":[{\"@type\":\"ListItem\",\"position\":1,\"name\":\"VIC\",\"item\":\"https:\/\/vicleakdetection.com\/mx\"},{\"@type\":\"ListItem\",\"position\":2,\"name\":\"Mantenimiento y Reparaci\u00f3n a Nivel de Almac\u00e9n\"}]},{\"@type\":\"WebSite\",\"@id\":\"https:\/\/vicleakdetection.com\/mx#website\",\"url\":\"https:\/\/vicleakdetection.com\/mx\",\"name\":\"Vacuum Instrument\",\"description\":\"\",\"publisher\":{\"@id\":\"https:\/\/vicleakdetection.com\/mx#organization\"},\"alternateName\":\"VIC\",\"potentialAction\":[{\"@type\":\"SearchAction\",\"target\":{\"@type\":\"EntryPoint\",\"urlTemplate\":\"https:\/\/vicleakdetection.com\/mx?s={search_term_string}\"},\"query-input\":{\"@type\":\"PropertyValueSpecification\",\"valueRequired\":true,\"valueName\":\"search_term_string\"}}],\"inLanguage\":\"es\"},{\"@type\":\"Organization\",\"@id\":\"https:\/\/vicleakdetection.com\/mx#organization\",\"name\":\"Vacuum Instruments Corp.\",\"alternateName\":\"VIC\",\"url\":\"https:\/\/vicleakdetection.com\/mx\",\"logo\":{\"@type\":\"ImageObject\",\"inLanguage\":\"es\",\"@id\":\"https:\/\/vicleakdetection.com\/mx#\/schema\/logo\/image\/\",\"url\":\"https:\/\/vicleakdetection.com\/wp-content\/uploads\/2024\/03\/VIC.png\",\"contentUrl\":\"https:\/\/vicleakdetection.com\/wp-content\/uploads\/2024\/03\/VIC.png\",\"width\":4500,\"height\":4500,\"caption\":\"Vacuum Instruments Corp.\"},\"image\":{\"@id\":\"https:\/\/vicleakdetection.com\/mx#\/schema\/logo\/image\/\"},\"sameAs\":[\"https:\/\/www.linkedin.com\/company\/vic-leak-detection\/\"]}]}<\/script>\n<!-- \/ Yoast SEO plugin. -->","yoast_head_json":{"title":"Mantenimiento y Reparaci\u00f3n a Nivel de Almac\u00e9n - VIC","description":"Servicio integral de reparaci\u00f3n de detectores de fugas en VIC con evaluaci\u00f3n y mantenimiento, entrega en 1-2 semanas tras aprobaci\u00f3n.","robots":{"index":"index","follow":"follow","max-snippet":"max-snippet:-1","max-image-preview":"max-image-preview:large","max-video-preview":"max-video-preview:-1"},"canonical":"https:\/\/vicleakdetection.com\/mx\/mantenimiento-y-reparacion-a-nivel-de-almacen","og_locale":"es_MX","og_type":"article","og_title":"Mantenimiento y Reparaci\u00f3n a Nivel de Almac\u00e9n - VIC","og_description":"Servicio integral de reparaci\u00f3n de detectores de fugas en VIC con evaluaci\u00f3n y mantenimiento, entrega en 1-2 semanas tras aprobaci\u00f3n.","og_url":"https:\/\/vicleakdetection.com\/mx\/mantenimiento-y-reparacion-a-nivel-de-almacen","og_site_name":"VIC Detecci\u00f3n de Fugas","article_modified_time":"2025-09-08T15:55:06+00:00","twitter_card":"summary_large_image","schema":{"@context":"https:\/\/schema.org","@graph":[{"@type":"WebPage","@id":"https:\/\/vicleakdetection.com\/mx\/mantenimiento-y-reparacion-a-nivel-de-almacen","url":"https:\/\/vicleakdetection.com\/mx\/mantenimiento-y-reparacion-a-nivel-de-almacen","name":"Mantenimiento y Reparaci\u00f3n a Nivel de Almac\u00e9n - VIC","isPartOf":{"@id":"https:\/\/vicleakdetection.com\/mx#website"},"datePublished":"2023-09-14T09:03:48+00:00","dateModified":"2025-09-08T15:55:06+00:00","description":"Servicio integral de reparaci\u00f3n de detectores de fugas en VIC con evaluaci\u00f3n y mantenimiento, entrega en 1-2 semanas tras aprobaci\u00f3n.","breadcrumb":{"@id":"https:\/\/vicleakdetection.com\/mx\/mantenimiento-y-reparacion-a-nivel-de-almacen#breadcrumb"},"inLanguage":"es","potentialAction":[{"@type":"ReadAction","target":["https:\/\/vicleakdetection.com\/mx\/mantenimiento-y-reparacion-a-nivel-de-almacen"]}]},{"@type":"BreadcrumbList","@id":"https:\/\/vicleakdetection.com\/mx\/mantenimiento-y-reparacion-a-nivel-de-almacen#breadcrumb","itemListElement":[{"@type":"ListItem","position":1,"name":"VIC","item":"https:\/\/vicleakdetection.com\/mx"},{"@type":"ListItem","position":2,"name":"Mantenimiento y Reparaci\u00f3n a Nivel de Almac\u00e9n"}]},{"@type":"WebSite","@id":"https:\/\/vicleakdetection.com\/mx#website","url":"https:\/\/vicleakdetection.com\/mx","name":"Vacuum Instrument","description":"","publisher":{"@id":"https:\/\/vicleakdetection.com\/mx#organization"},"alternateName":"VIC","potentialAction":[{"@type":"SearchAction","target":{"@type":"EntryPoint","urlTemplate":"https:\/\/vicleakdetection.com\/mx?s={search_term_string}"},"query-input":{"@type":"PropertyValueSpecification","valueRequired":true,"valueName":"search_term_string"}}],"inLanguage":"es"},{"@type":"Organization","@id":"https:\/\/vicleakdetection.com\/mx#organization","name":"Vacuum Instruments Corp.","alternateName":"VIC","url":"https:\/\/vicleakdetection.com\/mx","logo":{"@type":"ImageObject","inLanguage":"es","@id":"https:\/\/vicleakdetection.com\/mx#\/schema\/logo\/image\/","url":"https:\/\/vicleakdetection.com\/wp-content\/uploads\/2024\/03\/VIC.png","contentUrl":"https:\/\/vicleakdetection.com\/wp-content\/uploads\/2024\/03\/VIC.png","width":4500,"height":4500,"caption":"Vacuum Instruments Corp."},"image":{"@id":"https:\/\/vicleakdetection.com\/mx#\/schema\/logo\/image\/"},"sameAs":["https:\/\/www.linkedin.com\/company\/vic-leak-detection\/"]}]}},"_links":{"self":[{"href":"https:\/\/vicleakdetection.com\/mx\/wp-json\/wp\/v2\/pages\/2105","targetHints":{"allow":["GET"]}}],"collection":[{"href":"https:\/\/vicleakdetection.com\/mx\/wp-json\/wp\/v2\/pages"}],"about":[{"href":"https:\/\/vicleakdetection.com\/mx\/wp-json\/wp\/v2\/types\/page"}],"author":[{"embeddable":true,"href":"https:\/\/vicleakdetection.com\/mx\/wp-json\/wp\/v2\/users\/1"}],"replies":[{"embeddable":true,"href":"https:\/\/vicleakdetection.com\/mx\/wp-json\/wp\/v2\/comments?post=2105"}],"version-history":[{"count":13,"href":"https:\/\/vicleakdetection.com\/mx\/wp-json\/wp\/v2\/pages\/2105\/revisions"}],"predecessor-version":[{"id":4629,"href":"https:\/\/vicleakdetection.com\/mx\/wp-json\/wp\/v2\/pages\/2105\/revisions\/4629"}],"wp:attachment":[{"href":"https:\/\/vicleakdetection.com\/mx\/wp-json\/wp\/v2\/media?parent=2105"}],"curies":[{"name":"wp","href":"https:\/\/api.w.org\/{rel}","templated":true}]}}