{"id":2149,"date":"2024-03-04T15:41:25","date_gmt":"2024-03-04T20:41:25","guid":{"rendered":"https:\/\/vicleakdetection.com\/oficinas"},"modified":"2025-08-05T14:50:17","modified_gmt":"2025-08-05T18:50:17","slug":"oficinas","status":"publish","type":"page","link":"https:\/\/vicleakdetection.com\/mx\/oficinas","title":{"rendered":"Oficinas"},"content":{"rendered":"<p><div class=\"fusion-fullwidth fullwidth-box fusion-builder-row-1 fusion-flex-container has-pattern-background has-mask-background fusion-parallax-none nonhundred-percent-fullwidth non-hundred-percent-height-scrolling\" style=\"--awb-border-radius-top-left:0px;--awb-border-radius-top-right:0px;--awb-border-radius-bottom-right:0px;--awb-border-radius-bottom-left:0px;--awb-padding-top:101.994px;--awb-padding-bottom:76.981px;--awb-margin-bottom:0px;--awb-background-image:url(&quot;https:\/\/vicleakdetection.com\/wp-content\/uploads\/2024\/03\/MAP-vic-office-locations-desktop-v3-e1709718734292.jpg&quot;);--awb-background-size:cover;--awb-flex-wrap:wrap;\" ><div class=\"fusion-builder-row fusion-row fusion-flex-align-items-flex-start fusion-flex-content-wrap\" style=\"max-width:1248px;margin-left: calc(-4% \/ 2 );margin-right: calc(-4% \/ 2 );\"><div class=\"fusion-layout-column fusion_builder_column fusion-builder-column-0 fusion_builder_column_1_1 1_1 fusion-flex-column\" style=\"--awb-padding-top:10px;--awb-padding-right:16px;--awb-padding-bottom:14px;--awb-padding-left:17px;--awb-bg-color:rgba(20,22,23,0.36);--awb-bg-color-hover:rgba(20,22,23,0.36);--awb-bg-size:cover;--awb-width-large:100%;--awb-margin-top-large:0px;--awb-spacing-right-large:1.92%;--awb-margin-bottom-large:20px;--awb-spacing-left-large:1.92%;--awb-width-medium:100%;--awb-order-medium:0;--awb-spacing-right-medium:1.92%;--awb-spacing-left-medium:1.92%;--awb-width-small:100%;--awb-order-small:0;--awb-spacing-right-small:1.92%;--awb-spacing-left-small:1.92%;\"><div class=\"fusion-column-wrapper fusion-column-has-shadow fusion-flex-justify-content-flex-start fusion-content-layout-column\"><div class=\"fusion-text fusion-text-1\"><h1 style=\"font-size: 32px; font-family: Lato; font-weight: 900;\"><span style=\"color: #ffc107;\">OFICINAS<\/span><\/h1>\n<\/div><\/div><\/div><\/div><\/div><div class=\"fusion-fullwidth fullwidth-box fusion-builder-row-2 fusion-flex-container has-pattern-background has-mask-background nonhundred-percent-fullwidth non-hundred-percent-height-scrolling\" style=\"--awb-border-radius-top-left:0px;--awb-border-radius-top-right:0px;--awb-border-radius-bottom-right:0px;--awb-border-radius-bottom-left:0px;--awb-margin-top:20px;--awb-flex-wrap:wrap;\" ><div class=\"fusion-builder-row fusion-row fusion-flex-align-items-flex-start fusion-flex-content-wrap\" style=\"max-width:1248px;margin-left: calc(-4% \/ 2 );margin-right: calc(-4% \/ 2 );\"><div class=\"fusion-layout-column fusion_builder_column fusion-builder-column-1 fusion_builder_column_1_2 1_2 fusion-flex-column fusion-flex-align-self-center\" style=\"--awb-bg-size:cover;--awb-width-large:50%;--awb-margin-top-large:0px;--awb-spacing-right-large:3.84%;--awb-margin-bottom-large:20px;--awb-spacing-left-large:3.84%;--awb-width-medium:50%;--awb-order-medium:0;--awb-spacing-right-medium:3.84%;--awb-spacing-left-medium:3.84%;--awb-width-small:100%;--awb-order-small:0;--awb-spacing-right-small:1.92%;--awb-spacing-left-small:1.92%;\" data-scroll-devices=\"small-visibility,medium-visibility,large-visibility\"><div class=\"fusion-column-wrapper fusion-column-has-shadow fusion-flex-justify-content-flex-start fusion-content-layout-column\"><iframe style=\"border: 0;\" src=\"https:\/\/www.google.com\/maps\/embed?pb=!1m14!1m8!1m3!1d12081.90831310768!2d-73.141295!3d40.795509!3m2!1i1024!2i768!4f13.1!3m3!1m2!1s0x89e837041b3dc007:0xc22be089504f2265!2sVacuum%20Instruments%20Corporation!5e0!3m2!1sfr!2sfr!4v1709653612289!5m2!1sfr!2sfr\" width=\"400\" height=\"300\" allowfullscreen=\"allowfullscreen\"><\/iframe><div class=\"fusion-text fusion-text-2\"><p><strong>Headquarters<br \/>\n<\/strong>Vacuum Instruments Corporation, LLC<br \/>\n2101 Ninth Avenue<br \/>\nRonkonkoma, NY 11779<br \/>\nToll Free: 1-888-819-9970<br \/>\nTel: 1-631-737-0900<br \/>\nFax: 1-631-737-0949<\/p>\n<\/div><iframe style=\"border: 0;\" src=\"https:\/\/www.google.com\/maps\/embed?pb=!1m14!1m8!1m3!1d1454.483196324613!2d-100.45769412336257!3d20.53411756742616!3m2!1i1024!2i768!4f13.1!3m3!1m2!1s0x85d345e9519e9069:0xc87e068b3b15ff2c!2sVaccinstruments%20de%20Mexico%20(VIC%20MEXICO)!5e0!3m2!1sfr!2sfr!4v1709653580537!5m2!1sfr!2sfr\" width=\"400\" height=\"300\" allowfullscreen=\"allowfullscreen\"><\/iframe><div class=\"fusion-text fusion-text-3\"><p><strong>Mexico<\/strong><br \/>\nOFICINA PRINCIPAL<br \/>\nVaccinstruments de M\u00e9xico S de RL de CV<br \/>\nUna subsidiaria de Vacuum Instruments Corporation<br \/>\nCircuito Balvanera 5A Interior 16<br \/>\nZona Industrial Balvanera<br \/>\nCorregidora, Quer\u00e9taro. 76908<br \/>\nM\u00e9xico<br \/>\nDavid Uribe, Gerente General<br \/>\nTel: +52 1 (442) 244-9755<br \/>\nTel: 81-101-57247<\/p>\n<\/div><\/div><\/div><div class=\"fusion-layout-column fusion_builder_column fusion-builder-column-2 fusion_builder_column_1_2 1_2 fusion-flex-column\" style=\"--awb-bg-size:cover;--awb-width-large:50%;--awb-margin-top-large:0px;--awb-spacing-right-large:3.84%;--awb-margin-bottom-large:20px;--awb-spacing-left-large:3.84%;--awb-width-medium:50%;--awb-order-medium:0;--awb-spacing-right-medium:3.84%;--awb-spacing-left-medium:3.84%;--awb-width-small:100%;--awb-order-small:0;--awb-spacing-right-small:1.92%;--awb-spacing-left-small:1.92%;\"><div class=\"fusion-column-wrapper fusion-column-has-shadow fusion-flex-justify-content-flex-start fusion-content-layout-column\"><div class=\"fusion-text fusion-text-4\"><p>Estamos aqu\u00ed para ayudarle con todas sus necesidades de tecnolog\u00eda de vac\u00edo. Ya sea que est\u00e9 buscando asesoramiento de expertos, necesite una cotizaci\u00f3n o tenga preguntas espec\u00edficas sobre nuestros productos y servicios, nuestro equipo dedicado est\u00e1 listo para brindarle asistencia personalizada. Complete el siguiente formulario con sus datos y consultas, y uno de nuestros especialistas se pondr\u00e1 en contacto con usted a la brevedad. En Vacuum Instrument Corp, su satisfacci\u00f3n es nuestra principal prioridad y esperamos poder ayudarle a alcanzar sus objetivos.<\/p>\n<\/div><script charset=\"utf-8\" type=\"text\/javascript\" src=\"\/\/js.hsforms.net\/forms\/embed\/v2.js\"><\/script><script>hbspt.forms.create({\n    region: \"na1\",\n    portalId: \"24316711\",\n    formId: \"05116dd0-0f89-4bda-9494-a4b378ffe233\"\n  });\n<\/script><\/div><\/div><\/div><\/div><\/p>\n","protected":false},"excerpt":{"rendered":"","protected":false},"author":1,"featured_media":0,"parent":0,"menu_order":0,"comment_status":"closed","ping_status":"closed","template":"100-width.php","meta":{"content-type":"","footnotes":""},"class_list":["post-2149","page","type-page","status-publish","hentry"],"yoast_head":"<!-- This site is optimized with the Yoast SEO plugin v27.2 - https:\/\/yoast.com\/product\/yoast-seo-wordpress\/ -->\n<title>Oficinas de VIC en M\u00e9xico | Soluciones de Detecci\u00f3n de Fugas<\/title>\n<meta name=\"description\" content=\"Visita nuestras oficinas en M\u00e9xico para conocer c\u00f3mo VIC puede ayudarte con soluciones avanzadas en detecci\u00f3n de fugas y pruebas de calidad.\" \/>\n<meta name=\"robots\" content=\"index, follow, max-snippet:-1, max-image-preview:large, max-video-preview:-1\" \/>\n<link rel=\"canonical\" href=\"https:\/\/vicleakdetection.com\/mx\/oficinas\" \/>\n<meta property=\"og:locale\" content=\"es_MX\" \/>\n<meta property=\"og:type\" content=\"article\" \/>\n<meta property=\"og:title\" content=\"Oficinas de VIC en M\u00e9xico | Soluciones de Detecci\u00f3n de Fugas\" \/>\n<meta property=\"og:description\" content=\"Visita nuestras oficinas en M\u00e9xico para conocer c\u00f3mo VIC puede ayudarte con soluciones avanzadas en detecci\u00f3n de fugas y pruebas de calidad.\" \/>\n<meta property=\"og:url\" content=\"https:\/\/vicleakdetection.com\/mx\/oficinas\" \/>\n<meta property=\"og:site_name\" content=\"VIC Detecci\u00f3n de Fugas\" \/>\n<meta property=\"article:modified_time\" content=\"2025-08-05T18:50:17+00:00\" \/>\n<meta name=\"twitter:card\" content=\"summary_large_image\" \/>\n<script type=\"application\/ld+json\" class=\"yoast-schema-graph\">{\"@context\":\"https:\/\/schema.org\",\"@graph\":[{\"@type\":\"WebPage\",\"@id\":\"https:\/\/vicleakdetection.com\/mx\/oficinas\",\"url\":\"https:\/\/vicleakdetection.com\/mx\/oficinas\",\"name\":\"Oficinas de VIC en M\u00e9xico | Soluciones de Detecci\u00f3n de Fugas\",\"isPartOf\":{\"@id\":\"https:\/\/vicleakdetection.com\/mx#website\"},\"datePublished\":\"2024-03-04T20:41:25+00:00\",\"dateModified\":\"2025-08-05T18:50:17+00:00\",\"description\":\"Visita nuestras oficinas en M\u00e9xico para conocer c\u00f3mo VIC puede ayudarte con soluciones avanzadas en detecci\u00f3n de fugas y pruebas de calidad.\",\"breadcrumb\":{\"@id\":\"https:\/\/vicleakdetection.com\/mx\/oficinas#breadcrumb\"},\"inLanguage\":\"es\",\"potentialAction\":[{\"@type\":\"ReadAction\",\"target\":[\"https:\/\/vicleakdetection.com\/mx\/oficinas\"]}]},{\"@type\":\"BreadcrumbList\",\"@id\":\"https:\/\/vicleakdetection.com\/mx\/oficinas#breadcrumb\",\"itemListElement\":[{\"@type\":\"ListItem\",\"position\":1,\"name\":\"VIC\",\"item\":\"https:\/\/vicleakdetection.com\/mx\"},{\"@type\":\"ListItem\",\"position\":2,\"name\":\"Oficinas\"}]},{\"@type\":\"WebSite\",\"@id\":\"https:\/\/vicleakdetection.com\/mx#website\",\"url\":\"https:\/\/vicleakdetection.com\/mx\",\"name\":\"Vacuum Instrument\",\"description\":\"\",\"publisher\":{\"@id\":\"https:\/\/vicleakdetection.com\/mx#organization\"},\"alternateName\":\"VIC\",\"potentialAction\":[{\"@type\":\"SearchAction\",\"target\":{\"@type\":\"EntryPoint\",\"urlTemplate\":\"https:\/\/vicleakdetection.com\/mx?s={search_term_string}\"},\"query-input\":{\"@type\":\"PropertyValueSpecification\",\"valueRequired\":true,\"valueName\":\"search_term_string\"}}],\"inLanguage\":\"es\"},{\"@type\":\"Organization\",\"@id\":\"https:\/\/vicleakdetection.com\/mx#organization\",\"name\":\"Vacuum Instruments Corp.\",\"alternateName\":\"VIC\",\"url\":\"https:\/\/vicleakdetection.com\/mx\",\"logo\":{\"@type\":\"ImageObject\",\"inLanguage\":\"es\",\"@id\":\"https:\/\/vicleakdetection.com\/mx#\/schema\/logo\/image\/\",\"url\":\"https:\/\/vicleakdetection.com\/wp-content\/uploads\/2024\/03\/VIC.png\",\"contentUrl\":\"https:\/\/vicleakdetection.com\/wp-content\/uploads\/2024\/03\/VIC.png\",\"width\":4500,\"height\":4500,\"caption\":\"Vacuum Instruments Corp.\"},\"image\":{\"@id\":\"https:\/\/vicleakdetection.com\/mx#\/schema\/logo\/image\/\"},\"sameAs\":[\"https:\/\/www.linkedin.com\/company\/vic-leak-detection\/\"]}]}<\/script>\n<!-- \/ Yoast SEO plugin. -->","yoast_head_json":{"title":"Oficinas de VIC en M\u00e9xico | Soluciones de Detecci\u00f3n de Fugas","description":"Visita nuestras oficinas en M\u00e9xico para conocer c\u00f3mo VIC puede ayudarte con soluciones avanzadas en detecci\u00f3n de fugas y pruebas de calidad.","robots":{"index":"index","follow":"follow","max-snippet":"max-snippet:-1","max-image-preview":"max-image-preview:large","max-video-preview":"max-video-preview:-1"},"canonical":"https:\/\/vicleakdetection.com\/mx\/oficinas","og_locale":"es_MX","og_type":"article","og_title":"Oficinas de VIC en M\u00e9xico | Soluciones de Detecci\u00f3n de Fugas","og_description":"Visita nuestras oficinas en M\u00e9xico para conocer c\u00f3mo VIC puede ayudarte con soluciones avanzadas en detecci\u00f3n de fugas y pruebas de calidad.","og_url":"https:\/\/vicleakdetection.com\/mx\/oficinas","og_site_name":"VIC Detecci\u00f3n de Fugas","article_modified_time":"2025-08-05T18:50:17+00:00","twitter_card":"summary_large_image","schema":{"@context":"https:\/\/schema.org","@graph":[{"@type":"WebPage","@id":"https:\/\/vicleakdetection.com\/mx\/oficinas","url":"https:\/\/vicleakdetection.com\/mx\/oficinas","name":"Oficinas de VIC en M\u00e9xico | Soluciones de Detecci\u00f3n de Fugas","isPartOf":{"@id":"https:\/\/vicleakdetection.com\/mx#website"},"datePublished":"2024-03-04T20:41:25+00:00","dateModified":"2025-08-05T18:50:17+00:00","description":"Visita nuestras oficinas en M\u00e9xico para conocer c\u00f3mo VIC puede ayudarte con soluciones avanzadas en detecci\u00f3n de fugas y pruebas de calidad.","breadcrumb":{"@id":"https:\/\/vicleakdetection.com\/mx\/oficinas#breadcrumb"},"inLanguage":"es","potentialAction":[{"@type":"ReadAction","target":["https:\/\/vicleakdetection.com\/mx\/oficinas"]}]},{"@type":"BreadcrumbList","@id":"https:\/\/vicleakdetection.com\/mx\/oficinas#breadcrumb","itemListElement":[{"@type":"ListItem","position":1,"name":"VIC","item":"https:\/\/vicleakdetection.com\/mx"},{"@type":"ListItem","position":2,"name":"Oficinas"}]},{"@type":"WebSite","@id":"https:\/\/vicleakdetection.com\/mx#website","url":"https:\/\/vicleakdetection.com\/mx","name":"Vacuum Instrument","description":"","publisher":{"@id":"https:\/\/vicleakdetection.com\/mx#organization"},"alternateName":"VIC","potentialAction":[{"@type":"SearchAction","target":{"@type":"EntryPoint","urlTemplate":"https:\/\/vicleakdetection.com\/mx?s={search_term_string}"},"query-input":{"@type":"PropertyValueSpecification","valueRequired":true,"valueName":"search_term_string"}}],"inLanguage":"es"},{"@type":"Organization","@id":"https:\/\/vicleakdetection.com\/mx#organization","name":"Vacuum Instruments Corp.","alternateName":"VIC","url":"https:\/\/vicleakdetection.com\/mx","logo":{"@type":"ImageObject","inLanguage":"es","@id":"https:\/\/vicleakdetection.com\/mx#\/schema\/logo\/image\/","url":"https:\/\/vicleakdetection.com\/wp-content\/uploads\/2024\/03\/VIC.png","contentUrl":"https:\/\/vicleakdetection.com\/wp-content\/uploads\/2024\/03\/VIC.png","width":4500,"height":4500,"caption":"Vacuum Instruments Corp."},"image":{"@id":"https:\/\/vicleakdetection.com\/mx#\/schema\/logo\/image\/"},"sameAs":["https:\/\/www.linkedin.com\/company\/vic-leak-detection\/"]}]}},"_links":{"self":[{"href":"https:\/\/vicleakdetection.com\/mx\/wp-json\/wp\/v2\/pages\/2149","targetHints":{"allow":["GET"]}}],"collection":[{"href":"https:\/\/vicleakdetection.com\/mx\/wp-json\/wp\/v2\/pages"}],"about":[{"href":"https:\/\/vicleakdetection.com\/mx\/wp-json\/wp\/v2\/types\/page"}],"author":[{"embeddable":true,"href":"https:\/\/vicleakdetection.com\/mx\/wp-json\/wp\/v2\/users\/1"}],"replies":[{"embeddable":true,"href":"https:\/\/vicleakdetection.com\/mx\/wp-json\/wp\/v2\/comments?post=2149"}],"version-history":[{"count":4,"href":"https:\/\/vicleakdetection.com\/mx\/wp-json\/wp\/v2\/pages\/2149\/revisions"}],"predecessor-version":[{"id":4495,"href":"https:\/\/vicleakdetection.com\/mx\/wp-json\/wp\/v2\/pages\/2149\/revisions\/4495"}],"wp:attachment":[{"href":"https:\/\/vicleakdetection.com\/mx\/wp-json\/wp\/v2\/media?parent=2149"}],"curies":[{"name":"wp","href":"https:\/\/api.w.org\/{rel}","templated":true}]}}