{"id":2298,"date":"2023-09-14T11:13:47","date_gmt":"2023-09-14T09:13:47","guid":{"rendered":"https:\/\/vicleakdetection.com\/asistencia-tecnica-a-distancia-y-asistencia-laboral-en-sitio"},"modified":"2025-10-16T08:18:37","modified_gmt":"2025-10-16T14:18:37","slug":"asistencia-tecnica-a-distancia-y-asistencia-laboral-en-sitio","status":"publish","type":"page","link":"https:\/\/vicleakdetection.com\/mx\/asistencia-tecnica-a-distancia-y-asistencia-laboral-en-sitio","title":{"rendered":"Asistencia Tecnica Remota y Soporte en Sitio"},"content":{"rendered":"<div class=\"fusion-fullwidth fullwidth-box fusion-builder-row-1 fusion-flex-container has-pattern-background has-mask-background nonhundred-percent-fullwidth non-hundred-percent-height-scrolling\" style=\"--awb-border-radius-top-left:0px;--awb-border-radius-top-right:0px;--awb-border-radius-bottom-right:0px;--awb-border-radius-bottom-left:0px;--awb-flex-wrap:wrap;\" ><div class=\"fusion-builder-row fusion-row fusion-flex-align-items-flex-start fusion-flex-content-wrap\" style=\"max-width:1248px;margin-left: calc(-4% \/ 2 );margin-right: calc(-4% \/ 2 );\"><div class=\"fusion-layout-column fusion_builder_column fusion-builder-column-0 fusion_builder_column_1_1 1_1 fusion-flex-column\" style=\"--awb-bg-size:cover;--awb-width-large:100%;--awb-margin-top-large:0px;--awb-spacing-right-large:1.92%;--awb-margin-bottom-large:20px;--awb-spacing-left-large:1.92%;--awb-width-medium:100%;--awb-order-medium:0;--awb-spacing-right-medium:1.92%;--awb-spacing-left-medium:1.92%;--awb-width-small:100%;--awb-order-small:0;--awb-spacing-right-small:1.92%;--awb-spacing-left-small:1.92%;\"><div class=\"fusion-column-wrapper fusion-column-has-shadow fusion-flex-justify-content-flex-start fusion-content-layout-column\"><div class=\"fusion-title title fusion-title-1 fusion-sep-none fusion-title-text fusion-title-size-div\" style=\"--awb-text-color:#141617;--awb-font-size:22px;\"><div class=\"fusion-title-heading title-heading-left title-heading-tag\" style=\"margin:0;font-size:1em;\"><h1><strong>Asistencia Tecnica a Distancia y Asistencia Laboral en Sitio<\/strong><\/h1><\/div><\/div><div class=\"fusion-separator\" style=\"align-self: flex-start;margin-right:auto;width:100%;max-width:60px;\"><div class=\"fusion-separator-border sep-single sep-solid\" style=\"--awb-height:20px;--awb-amount:20px;--awb-sep-color:var(--awb-color5);border-color:var(--awb-color5);border-top-width:3px;\"><\/div><\/div><div class=\"fusion-text fusion-text-1\"><p><strong>SOPORTE T\u00c9CNICO A DISTANCIA<\/strong><\/p>\n<p>El Soporte T\u00e9cnico Remoto proporciona acceso a un ingeniero de VIC formado en f\u00e1brica a trav\u00e9s de correo electr\u00f3nico o tel\u00e9fono para ayudarle con sus preguntas y resoluci\u00f3n de problemas. Los ingenieros t\u00e9cnicos de VIC le ayudar\u00e1n a diagnosticar problemas por tel\u00e9fono para que pueda volver a la producci\u00f3n r\u00e1pidamente.<\/p>\n<p><strong>APOYO LABORAL EN SITIO<\/strong><\/p>\n<p>El soporte de mano de obra en sitio es el servicio de campo que realiza un ingeniero de VIC formado en f\u00e1brica en sus instalaciones. El programa VIC Field Service proporciona una experiencia sin igual en la aplicaci\u00f3n de procesos directamente en su l\u00ednea de producci\u00f3n. Los servicios en sitio pueden incluir evaluaci\u00f3n, reparaci\u00f3n o mantenimiento. Los centros de servicio de VIC en Estados Unidos, M\u00e9xico y Europa permiten una respuesta r\u00e1pida, normalmente en las 24 horas siguientes a la solicitud.<\/p>\n<\/div><\/div><\/div><\/div><\/div>\n","protected":false},"excerpt":{"rendered":"","protected":false},"author":1,"featured_media":0,"parent":0,"menu_order":0,"comment_status":"closed","ping_status":"closed","template":"100-width.php","meta":{"content-type":"","footnotes":""},"class_list":["post-2298","page","type-page","status-publish","hentry"],"yoast_head":"<!-- This site is optimized with the Yoast SEO plugin v27.2 - https:\/\/yoast.com\/product\/yoast-seo-wordpress\/ -->\n<title>Asistencia Tecnica Remota y Soporte en Sitio - VIC<\/title>\n<meta name=\"description\" content=\"Soporte t\u00e9cnico remoto y en sitio de VIC para diagn\u00f3stico r\u00e1pido y asistencia tecnica directa en sus instalaciones.\" \/>\n<meta name=\"robots\" content=\"index, follow, max-snippet:-1, max-image-preview:large, max-video-preview:-1\" \/>\n<link rel=\"canonical\" href=\"https:\/\/vicleakdetection.com\/mx\/asistencia-tecnica-a-distancia-y-asistencia-laboral-en-sitio\" \/>\n<meta property=\"og:locale\" content=\"es_MX\" \/>\n<meta property=\"og:type\" content=\"article\" \/>\n<meta property=\"og:title\" content=\"Asistencia Tecnica Remota y Soporte en Sitio - VIC\" \/>\n<meta property=\"og:description\" content=\"Soporte t\u00e9cnico remoto y en sitio de VIC para diagn\u00f3stico r\u00e1pido y asistencia tecnica directa en sus instalaciones.\" \/>\n<meta property=\"og:url\" content=\"https:\/\/vicleakdetection.com\/mx\/asistencia-tecnica-a-distancia-y-asistencia-laboral-en-sitio\" \/>\n<meta property=\"og:site_name\" content=\"VIC Detecci\u00f3n de Fugas\" \/>\n<meta property=\"article:modified_time\" content=\"2025-10-16T14:18:37+00:00\" \/>\n<meta name=\"twitter:card\" content=\"summary_large_image\" \/>\n<script type=\"application\/ld+json\" class=\"yoast-schema-graph\">{\"@context\":\"https:\/\/schema.org\",\"@graph\":[{\"@type\":\"WebPage\",\"@id\":\"https:\/\/vicleakdetection.com\/mx\/asistencia-tecnica-a-distancia-y-asistencia-laboral-en-sitio\",\"url\":\"https:\/\/vicleakdetection.com\/mx\/asistencia-tecnica-a-distancia-y-asistencia-laboral-en-sitio\",\"name\":\"Asistencia Tecnica Remota y Soporte en Sitio - VIC\",\"isPartOf\":{\"@id\":\"https:\/\/vicleakdetection.com\/mx#website\"},\"datePublished\":\"2023-09-14T09:13:47+00:00\",\"dateModified\":\"2025-10-16T14:18:37+00:00\",\"description\":\"Soporte t\u00e9cnico remoto y en sitio de VIC para diagn\u00f3stico r\u00e1pido y asistencia tecnica directa en sus instalaciones.\",\"breadcrumb\":{\"@id\":\"https:\/\/vicleakdetection.com\/mx\/asistencia-tecnica-a-distancia-y-asistencia-laboral-en-sitio#breadcrumb\"},\"inLanguage\":\"es\",\"potentialAction\":[{\"@type\":\"ReadAction\",\"target\":[\"https:\/\/vicleakdetection.com\/mx\/asistencia-tecnica-a-distancia-y-asistencia-laboral-en-sitio\"]}]},{\"@type\":\"BreadcrumbList\",\"@id\":\"https:\/\/vicleakdetection.com\/mx\/asistencia-tecnica-a-distancia-y-asistencia-laboral-en-sitio#breadcrumb\",\"itemListElement\":[{\"@type\":\"ListItem\",\"position\":1,\"name\":\"VIC\",\"item\":\"https:\/\/vicleakdetection.com\/mx\"},{\"@type\":\"ListItem\",\"position\":2,\"name\":\"Asistencia Tecnica Remota y Soporte en Sitio\"}]},{\"@type\":\"WebSite\",\"@id\":\"https:\/\/vicleakdetection.com\/mx#website\",\"url\":\"https:\/\/vicleakdetection.com\/mx\",\"name\":\"Vacuum Instrument\",\"description\":\"\",\"publisher\":{\"@id\":\"https:\/\/vicleakdetection.com\/mx#organization\"},\"alternateName\":\"VIC\",\"potentialAction\":[{\"@type\":\"SearchAction\",\"target\":{\"@type\":\"EntryPoint\",\"urlTemplate\":\"https:\/\/vicleakdetection.com\/mx?s={search_term_string}\"},\"query-input\":{\"@type\":\"PropertyValueSpecification\",\"valueRequired\":true,\"valueName\":\"search_term_string\"}}],\"inLanguage\":\"es\"},{\"@type\":\"Organization\",\"@id\":\"https:\/\/vicleakdetection.com\/mx#organization\",\"name\":\"Vacuum Instruments Corp.\",\"alternateName\":\"VIC\",\"url\":\"https:\/\/vicleakdetection.com\/mx\",\"logo\":{\"@type\":\"ImageObject\",\"inLanguage\":\"es\",\"@id\":\"https:\/\/vicleakdetection.com\/mx#\/schema\/logo\/image\/\",\"url\":\"https:\/\/vicleakdetection.com\/wp-content\/uploads\/2024\/03\/VIC.png\",\"contentUrl\":\"https:\/\/vicleakdetection.com\/wp-content\/uploads\/2024\/03\/VIC.png\",\"width\":4500,\"height\":4500,\"caption\":\"Vacuum Instruments Corp.\"},\"image\":{\"@id\":\"https:\/\/vicleakdetection.com\/mx#\/schema\/logo\/image\/\"},\"sameAs\":[\"https:\/\/www.linkedin.com\/company\/vic-leak-detection\/\"]}]}<\/script>\n<!-- \/ Yoast SEO plugin. -->","yoast_head_json":{"title":"Asistencia Tecnica Remota y Soporte en Sitio - VIC","description":"Soporte t\u00e9cnico remoto y en sitio de VIC para diagn\u00f3stico r\u00e1pido y asistencia tecnica directa en sus instalaciones.","robots":{"index":"index","follow":"follow","max-snippet":"max-snippet:-1","max-image-preview":"max-image-preview:large","max-video-preview":"max-video-preview:-1"},"canonical":"https:\/\/vicleakdetection.com\/mx\/asistencia-tecnica-a-distancia-y-asistencia-laboral-en-sitio","og_locale":"es_MX","og_type":"article","og_title":"Asistencia Tecnica Remota y Soporte en Sitio - VIC","og_description":"Soporte t\u00e9cnico remoto y en sitio de VIC para diagn\u00f3stico r\u00e1pido y asistencia tecnica directa en sus instalaciones.","og_url":"https:\/\/vicleakdetection.com\/mx\/asistencia-tecnica-a-distancia-y-asistencia-laboral-en-sitio","og_site_name":"VIC Detecci\u00f3n de Fugas","article_modified_time":"2025-10-16T14:18:37+00:00","twitter_card":"summary_large_image","schema":{"@context":"https:\/\/schema.org","@graph":[{"@type":"WebPage","@id":"https:\/\/vicleakdetection.com\/mx\/asistencia-tecnica-a-distancia-y-asistencia-laboral-en-sitio","url":"https:\/\/vicleakdetection.com\/mx\/asistencia-tecnica-a-distancia-y-asistencia-laboral-en-sitio","name":"Asistencia Tecnica Remota y Soporte en Sitio - VIC","isPartOf":{"@id":"https:\/\/vicleakdetection.com\/mx#website"},"datePublished":"2023-09-14T09:13:47+00:00","dateModified":"2025-10-16T14:18:37+00:00","description":"Soporte t\u00e9cnico remoto y en sitio de VIC para diagn\u00f3stico r\u00e1pido y asistencia tecnica directa en sus instalaciones.","breadcrumb":{"@id":"https:\/\/vicleakdetection.com\/mx\/asistencia-tecnica-a-distancia-y-asistencia-laboral-en-sitio#breadcrumb"},"inLanguage":"es","potentialAction":[{"@type":"ReadAction","target":["https:\/\/vicleakdetection.com\/mx\/asistencia-tecnica-a-distancia-y-asistencia-laboral-en-sitio"]}]},{"@type":"BreadcrumbList","@id":"https:\/\/vicleakdetection.com\/mx\/asistencia-tecnica-a-distancia-y-asistencia-laboral-en-sitio#breadcrumb","itemListElement":[{"@type":"ListItem","position":1,"name":"VIC","item":"https:\/\/vicleakdetection.com\/mx"},{"@type":"ListItem","position":2,"name":"Asistencia Tecnica Remota y Soporte en Sitio"}]},{"@type":"WebSite","@id":"https:\/\/vicleakdetection.com\/mx#website","url":"https:\/\/vicleakdetection.com\/mx","name":"Vacuum Instrument","description":"","publisher":{"@id":"https:\/\/vicleakdetection.com\/mx#organization"},"alternateName":"VIC","potentialAction":[{"@type":"SearchAction","target":{"@type":"EntryPoint","urlTemplate":"https:\/\/vicleakdetection.com\/mx?s={search_term_string}"},"query-input":{"@type":"PropertyValueSpecification","valueRequired":true,"valueName":"search_term_string"}}],"inLanguage":"es"},{"@type":"Organization","@id":"https:\/\/vicleakdetection.com\/mx#organization","name":"Vacuum Instruments Corp.","alternateName":"VIC","url":"https:\/\/vicleakdetection.com\/mx","logo":{"@type":"ImageObject","inLanguage":"es","@id":"https:\/\/vicleakdetection.com\/mx#\/schema\/logo\/image\/","url":"https:\/\/vicleakdetection.com\/wp-content\/uploads\/2024\/03\/VIC.png","contentUrl":"https:\/\/vicleakdetection.com\/wp-content\/uploads\/2024\/03\/VIC.png","width":4500,"height":4500,"caption":"Vacuum Instruments Corp."},"image":{"@id":"https:\/\/vicleakdetection.com\/mx#\/schema\/logo\/image\/"},"sameAs":["https:\/\/www.linkedin.com\/company\/vic-leak-detection\/"]}]}},"_links":{"self":[{"href":"https:\/\/vicleakdetection.com\/mx\/wp-json\/wp\/v2\/pages\/2298","targetHints":{"allow":["GET"]}}],"collection":[{"href":"https:\/\/vicleakdetection.com\/mx\/wp-json\/wp\/v2\/pages"}],"about":[{"href":"https:\/\/vicleakdetection.com\/mx\/wp-json\/wp\/v2\/types\/page"}],"author":[{"embeddable":true,"href":"https:\/\/vicleakdetection.com\/mx\/wp-json\/wp\/v2\/users\/1"}],"replies":[{"embeddable":true,"href":"https:\/\/vicleakdetection.com\/mx\/wp-json\/wp\/v2\/comments?post=2298"}],"version-history":[{"count":9,"href":"https:\/\/vicleakdetection.com\/mx\/wp-json\/wp\/v2\/pages\/2298\/revisions"}],"predecessor-version":[{"id":4807,"href":"https:\/\/vicleakdetection.com\/mx\/wp-json\/wp\/v2\/pages\/2298\/revisions\/4807"}],"wp:attachment":[{"href":"https:\/\/vicleakdetection.com\/mx\/wp-json\/wp\/v2\/media?parent=2298"}],"curies":[{"name":"wp","href":"https:\/\/api.w.org\/{rel}","templated":true}]}}