{"id":2301,"date":"2023-11-15T13:46:09","date_gmt":"2023-11-15T18:46:09","guid":{"rendered":"https:\/\/vicleakdetection.com\/soluciones-de-prueba-de-fugas-en-el-rail-de-combustible"},"modified":"2025-09-08T10:59:19","modified_gmt":"2025-09-08T14:59:19","slug":"soluciones-de-prueba-de-fugas-en-el-rail-de-combustible","status":"publish","type":"page","link":"https:\/\/vicleakdetection.com\/mx\/productos\/soluciones-personalizadas-de-deteccion-de-fugas\/soluciones-de-prueba-de-fugas-en-el-rail-de-combustible","title":{"rendered":"Soluciones de Prueba de Fugas en el Rail de Combustible"},"content":{"rendered":"<p><div class=\"fusion-fullwidth fullwidth-box fusion-builder-row-1 fusion-flex-container has-pattern-background has-mask-background fusion-parallax-none nonhundred-percent-fullwidth non-hundred-percent-height-scrolling\" style=\"--awb-background-position:center bottom;--awb-border-radius-top-left:0px;--awb-border-radius-top-right:0px;--awb-border-radius-bottom-right:0px;--awb-border-radius-bottom-left:0px;--awb-padding-top:117.994px;--awb-padding-bottom:91.981px;--awb-margin-bottom:0px;--awb-background-image:url(&quot;https:\/\/vicleakdetection.com\/wp-content\/uploads\/2024\/01\/fuel-rail.png&quot;);--awb-background-size:cover;--awb-flex-wrap:wrap;\" ><div class=\"fusion-builder-row fusion-row fusion-flex-align-items-flex-start fusion-flex-content-wrap\" style=\"max-width:1248px;margin-left: calc(-4% \/ 2 );margin-right: calc(-4% \/ 2 );\"><div class=\"fusion-layout-column fusion_builder_column fusion-builder-column-0 fusion_builder_column_1_1 1_1 fusion-flex-column\" style=\"--awb-padding-top:10px;--awb-padding-right:16px;--awb-padding-bottom:14px;--awb-padding-left:17px;--awb-bg-color:rgba(20,22,23,0.36);--awb-bg-color-hover:rgba(20,22,23,0.36);--awb-bg-size:cover;--awb-width-large:100%;--awb-margin-top-large:0px;--awb-spacing-right-large:1.92%;--awb-margin-bottom-large:20px;--awb-spacing-left-large:1.92%;--awb-width-medium:100%;--awb-order-medium:0;--awb-spacing-right-medium:1.92%;--awb-spacing-left-medium:1.92%;--awb-width-small:100%;--awb-order-small:0;--awb-spacing-right-small:1.92%;--awb-spacing-left-small:1.92%;\"><div class=\"fusion-column-wrapper fusion-column-has-shadow fusion-flex-justify-content-flex-start fusion-content-layout-column\"><div class=\"fusion-text fusion-text-1\"><h1 style=\"color: var(--awb-color1); font-size: 32px; font-family: Lato; font-weight: 900;\">SOLUCIONES DE PRUEBA DE FUGAS EN EL <span style=\"color: var(--awb-color5);\">CONDUCTO DE COMBUSTIBLE <\/span><\/h1>\n<p style=\"color: var(--awb-color1); font-size: 28px; font-family: Lato; font-weight: 400;\" data-fusion-font=\"true\" data-fusion-google-font=\"Lato\" data-fusion-google-variant=\"400\">PRUEBAS R\u00c1PIDAS Y PRECISAS<\/p>\n<\/div><div ><a class=\"fusion-button button-flat fusion-button-default-size button-default fusion-button-default button-1 fusion-button-default-span fusion-button-default-type\" style=\"--button_typography-font-family:&quot;Lato&quot;;--button_typography-font-style:normal;--button_typography-font-weight:900;\" target=\"_self\"><span class=\"fusion-button-text awb-button__text awb-button__text--default\">CONT\u00c1CTENOS<\/span><\/a><\/div><\/div><\/div><\/div><\/div><div class=\"fusion-fullwidth fullwidth-box fusion-builder-row-2 fusion-flex-container has-pattern-background has-mask-background nonhundred-percent-fullwidth non-hundred-percent-height-scrolling\" style=\"--awb-border-radius-top-left:0px;--awb-border-radius-top-right:0px;--awb-border-radius-bottom-right:0px;--awb-border-radius-bottom-left:0px;--awb-flex-wrap:wrap;\" ><div class=\"fusion-builder-row fusion-row fusion-flex-align-items-flex-start fusion-flex-content-wrap\" style=\"max-width:1248px;margin-left: calc(-4% \/ 2 );margin-right: calc(-4% \/ 2 );\"><div class=\"fusion-layout-column fusion_builder_column fusion-builder-column-1 fusion_builder_column_1_2 1_2 fusion-flex-column\" style=\"--awb-bg-size:cover;--awb-width-large:50%;--awb-margin-top-large:14px;--awb-spacing-right-large:3.84%;--awb-margin-bottom-large:20px;--awb-spacing-left-large:3.84%;--awb-width-medium:50%;--awb-order-medium:0;--awb-spacing-right-medium:3.84%;--awb-spacing-left-medium:3.84%;--awb-width-small:100%;--awb-order-small:0;--awb-spacing-right-small:1.92%;--awb-spacing-left-small:1.92%;\"><div class=\"fusion-column-wrapper fusion-column-has-shadow fusion-flex-justify-content-flex-start fusion-content-layout-column\"><div class=\"fusion-separator\" style=\"align-self: flex-start;margin-right:auto;width:100%;max-width:60px;\"><div class=\"fusion-separator-border sep-single sep-solid\" style=\"--awb-height:20px;--awb-amount:20px;--awb-sep-color:var(--awb-color5);border-color:var(--awb-color5);border-top-width:3px;\"><\/div><\/div><div class=\"fusion-text fusion-text-2\"><h2 style=\"font-family: Lato; font-weight: 900;\"><span style=\"color: #ffc107;\"><span style=\"font-size: 30px;\">PRUEBA DE ESTANQUEIDAD DEL <span style=\"color: #141617;\"><i>RA\u00cdL DE COMBUSTIBLE <\/i><\/span><\/span><\/span><\/h2>\n<\/div><div class=\"fusion-text fusion-text-3\"><p>A medida que crece la necesidad de rieles de combustible de alta presi\u00f3n, VIC tiene una soluci\u00f3n diferenciada que ofrece la producci\u00f3n m\u00e1s r\u00e1pida de sistemas de prueba de fugas de rieles de combustible. Un sistema modular de comprobaci\u00f3n de fugas en el ra\u00edl de combustible que puede personalizarse y enviarse r\u00e1pidamente. Este plazo de entrega m\u00e1s r\u00e1pido y la flexibilidad hacen de VIC un l\u00edder en el sector.<\/p>\n<p>Este sistema modular de comprobaci\u00f3n de fugas en el ra\u00edl de combustible se llama Pascal. Est\u00e1 construido a partir de una plataforma est\u00e1ndar de detecci\u00f3n de fugas en el conducto de combustible, dise\u00f1ado espec\u00edficamente para aplicaciones de detecci\u00f3n de fugas en el conducto de combustible a baja y alta presi\u00f3n, y se ofrece en configuraci\u00f3n de c\u00e1mara \u00fanica o doble. La Pascal permite a los clientes utilizar la misma m\u00e1quina cuando cambian de programa; s\u00f3lo tienen que meter y sacar carros con distintos dise\u00f1os de utillaje. Este sistema es f\u00e1cil de mantener y el coste total de propiedad es el m\u00e1s bajo del mercado.<\/p>\n<\/div><\/div><\/div><div class=\"fusion-layout-column fusion_builder_column fusion-builder-column-2 fusion_builder_column_1_2 1_2 fusion-flex-column\" style=\"--awb-bg-size:cover;--awb-width-large:50%;--awb-margin-top-large:59.9875px;--awb-spacing-right-large:3.84%;--awb-margin-bottom-large:20px;--awb-spacing-left-large:3.84%;--awb-width-medium:50%;--awb-order-medium:0;--awb-spacing-right-medium:3.84%;--awb-spacing-left-medium:3.84%;--awb-width-small:100%;--awb-order-small:0;--awb-spacing-right-small:1.92%;--awb-spacing-left-small:1.92%;\"><div class=\"fusion-column-wrapper fusion-column-has-shadow fusion-flex-justify-content-flex-start fusion-content-layout-column\"><div class=\"fusion-image-element \" style=\"--awb-caption-title-font-family:var(--h2_typography-font-family);--awb-caption-title-font-weight:var(--h2_typography-font-weight);--awb-caption-title-font-style:var(--h2_typography-font-style);--awb-caption-title-size:var(--h2_typography-font-size);--awb-caption-title-transform:var(--h2_typography-text-transform);--awb-caption-title-line-height:var(--h2_typography-line-height);--awb-caption-title-letter-spacing:var(--h2_typography-letter-spacing);\"><span class=\" fusion-imageframe imageframe-none imageframe-1 hover-type-none\"><img decoding=\"async\" width=\"2560\" height=\"1440\" alt=\"Close-up of a fuel rail system in an automotive engine\" title=\"fuel rail 1\" src=\"https:\/\/vicleakdetection.com\/wp-content\/uploads\/2024\/01\/fuel-rail-1-scaled.jpg\" class=\"img-responsive wp-image-4015\" srcset=\"https:\/\/vicleakdetection.com\/wp-content\/uploads\/2024\/01\/fuel-rail-1-200x113.jpg 200w, https:\/\/vicleakdetection.com\/wp-content\/uploads\/2024\/01\/fuel-rail-1-400x225.jpg 400w, https:\/\/vicleakdetection.com\/wp-content\/uploads\/2024\/01\/fuel-rail-1-600x338.jpg 600w, https:\/\/vicleakdetection.com\/wp-content\/uploads\/2024\/01\/fuel-rail-1-800x450.jpg 800w, https:\/\/vicleakdetection.com\/wp-content\/uploads\/2024\/01\/fuel-rail-1-1200x675.jpg 1200w, https:\/\/vicleakdetection.com\/wp-content\/uploads\/2024\/01\/fuel-rail-1-scaled.jpg 2560w\" sizes=\"(max-width: 640px) 100vw, 600px\" \/><\/span><\/div><\/div><\/div><\/div><\/div><div class=\"fusion-fullwidth fullwidth-box fusion-builder-row-3 fusion-flex-container has-pattern-background has-mask-background nonhundred-percent-fullwidth non-hundred-percent-height-scrolling\" style=\"--awb-border-radius-top-left:0px;--awb-border-radius-top-right:0px;--awb-border-radius-bottom-right:0px;--awb-border-radius-bottom-left:0px;--awb-padding-top:33px;--awb-margin-top:0px;--awb-background-color:var(--awb-color6);--awb-flex-wrap:wrap;\" ><div class=\"fusion-builder-row fusion-row fusion-flex-align-items-flex-start fusion-flex-content-wrap\" style=\"max-width:1248px;margin-left: calc(-4% \/ 2 );margin-right: calc(-4% \/ 2 );\"><div class=\"fusion-layout-column fusion_builder_column fusion-builder-column-3 fusion_builder_column_1_2 1_2 fusion-flex-column\" style=\"--awb-bg-size:cover;--awb-width-large:50%;--awb-margin-top-large:0px;--awb-spacing-right-large:3.84%;--awb-margin-bottom-large:20px;--awb-spacing-left-large:3.84%;--awb-width-medium:50%;--awb-order-medium:0;--awb-spacing-right-medium:3.84%;--awb-spacing-left-medium:3.84%;--awb-width-small:100%;--awb-order-small:0;--awb-spacing-right-small:1.92%;--awb-spacing-left-small:1.92%;\"><div class=\"fusion-column-wrapper fusion-column-has-shadow fusion-flex-justify-content-flex-start fusion-content-layout-column\"><div class=\"fusion-text fusion-text-4\"><p style=\"text-align: center; color: var(--awb-color5); font-family: Lato; font-weight: 900; font-size: 29px;\" data-fusion-font=\"true\" data-fusion-google-font=\"Lato\" data-fusion-google-variant=\"900\">\u00a1CONT\u00c1CTENOS HOY PARA APRENDER M\u00c1S SOBRE NUESTRAS <span style=\"color: var(--awb-color1);\"><i>SOLUCIONES DE RAIL DE COMBUSTIBLE! <\/i><\/span><\/p>\n<\/div><\/div><\/div><div class=\"fusion-layout-column fusion_builder_column fusion-builder-column-4 fusion_builder_column_1_2 1_2 fusion-flex-column\" style=\"--awb-bg-size:cover;--awb-width-large:50%;--awb-margin-top-large:0px;--awb-spacing-right-large:3.84%;--awb-margin-bottom-large:20px;--awb-spacing-left-large:3.84%;--awb-width-medium:50%;--awb-order-medium:0;--awb-spacing-right-medium:3.84%;--awb-spacing-left-medium:3.84%;--awb-width-small:100%;--awb-order-small:0;--awb-spacing-right-small:1.92%;--awb-spacing-left-small:1.92%;\"><div class=\"fusion-column-wrapper fusion-column-has-shadow fusion-flex-justify-content-flex-start fusion-content-layout-column\"><div style=\"text-align:center;\"><a class=\"fusion-button button-flat button-xlarge button-default fusion-button-default button-2 fusion-button-default-span fusion-button-default-type\" style=\"--button_typography-font-family:&quot;Lato&quot;;--button_typography-font-style:normal;--button_typography-font-weight:900;--button_margin-top:20px;\" target=\"_self\" href=\"https:\/\/vicleakdetection.com\/request-quote-contact\"><span class=\"fusion-button-text awb-button__text awb-button__text--default\">CONT\u00c1CTENOS<\/span><\/a><\/div><\/div><\/div><\/div><\/div><\/p>\n","protected":false},"excerpt":{"rendered":"","protected":false},"author":1,"featured_media":0,"parent":2304,"menu_order":0,"comment_status":"closed","ping_status":"closed","template":"100-width.php","meta":{"content-type":"","footnotes":""},"class_list":["post-2301","page","type-page","status-publish","hentry"],"yoast_head":"<!-- This site is optimized with the Yoast SEO plugin v27.2 - https:\/\/yoast.com\/product\/yoast-seo-wordpress\/ -->\n<title>Soluciones de Prueba de Fugas en el Rail de Combustible - VIC<\/title>\n<meta name=\"description\" content=\"Prueba r\u00e1pida de fugas en el rail de combustible con el sistema VIC Gas Rastreable, ideal para baja y alta presi\u00f3n.\" \/>\n<meta name=\"robots\" content=\"index, follow, max-snippet:-1, max-image-preview:large, max-video-preview:-1\" \/>\n<link rel=\"canonical\" href=\"https:\/\/vicleakdetection.com\/mx\/productos\/soluciones-personalizadas-de-deteccion-de-fugas\/soluciones-de-prueba-de-fugas-en-el-rail-de-combustible\" \/>\n<meta property=\"og:locale\" content=\"es_MX\" \/>\n<meta property=\"og:type\" content=\"article\" \/>\n<meta property=\"og:title\" content=\"Soluciones de Prueba de Fugas en el Rail de Combustible - VIC\" \/>\n<meta property=\"og:description\" content=\"Prueba r\u00e1pida de fugas en el rail de combustible con el sistema VIC Gas Rastreable, ideal para baja y alta presi\u00f3n.\" \/>\n<meta property=\"og:url\" content=\"https:\/\/vicleakdetection.com\/mx\/productos\/soluciones-personalizadas-de-deteccion-de-fugas\/soluciones-de-prueba-de-fugas-en-el-rail-de-combustible\" \/>\n<meta property=\"og:site_name\" content=\"VIC Detecci\u00f3n de Fugas\" \/>\n<meta property=\"article:modified_time\" content=\"2025-09-08T14:59:19+00:00\" \/>\n<meta name=\"twitter:card\" content=\"summary_large_image\" \/>\n<script type=\"application\/ld+json\" class=\"yoast-schema-graph\">{\"@context\":\"https:\/\/schema.org\",\"@graph\":[{\"@type\":\"WebPage\",\"@id\":\"https:\/\/vicleakdetection.com\/mx\/productos\/soluciones-personalizadas-de-deteccion-de-fugas\/soluciones-de-prueba-de-fugas-en-el-rail-de-combustible\",\"url\":\"https:\/\/vicleakdetection.com\/mx\/productos\/soluciones-personalizadas-de-deteccion-de-fugas\/soluciones-de-prueba-de-fugas-en-el-rail-de-combustible\",\"name\":\"Soluciones de Prueba de Fugas en el Rail de Combustible - VIC\",\"isPartOf\":{\"@id\":\"https:\/\/vicleakdetection.com\/mx#website\"},\"datePublished\":\"2023-11-15T18:46:09+00:00\",\"dateModified\":\"2025-09-08T14:59:19+00:00\",\"description\":\"Prueba r\u00e1pida de fugas en el rail de combustible con el sistema VIC Gas Rastreable, ideal para baja y alta presi\u00f3n.\",\"breadcrumb\":{\"@id\":\"https:\/\/vicleakdetection.com\/mx\/productos\/soluciones-personalizadas-de-deteccion-de-fugas\/soluciones-de-prueba-de-fugas-en-el-rail-de-combustible#breadcrumb\"},\"inLanguage\":\"es\",\"potentialAction\":[{\"@type\":\"ReadAction\",\"target\":[\"https:\/\/vicleakdetection.com\/mx\/productos\/soluciones-personalizadas-de-deteccion-de-fugas\/soluciones-de-prueba-de-fugas-en-el-rail-de-combustible\"]}]},{\"@type\":\"BreadcrumbList\",\"@id\":\"https:\/\/vicleakdetection.com\/mx\/productos\/soluciones-personalizadas-de-deteccion-de-fugas\/soluciones-de-prueba-de-fugas-en-el-rail-de-combustible#breadcrumb\",\"itemListElement\":[{\"@type\":\"ListItem\",\"position\":1,\"name\":\"VIC\",\"item\":\"https:\/\/vicleakdetection.com\/mx\"},{\"@type\":\"ListItem\",\"position\":2,\"name\":\"Soluciones Llave en Mano para Pruebas de Fugas\",\"item\":\"https:\/\/vicleakdetection.com\/mx\/productos\"},{\"@type\":\"ListItem\",\"position\":3,\"name\":\"Soluciones personalizadas de detecci\u00f3n de fugas\",\"item\":\"https:\/\/vicleakdetection.com\/mx\/productos\/soluciones-personalizadas-de-deteccion-de-fugas\"},{\"@type\":\"ListItem\",\"position\":4,\"name\":\"Soluciones de Prueba de Fugas en el Rail de Combustible\"}]},{\"@type\":\"WebSite\",\"@id\":\"https:\/\/vicleakdetection.com\/mx#website\",\"url\":\"https:\/\/vicleakdetection.com\/mx\",\"name\":\"Vacuum Instrument\",\"description\":\"\",\"publisher\":{\"@id\":\"https:\/\/vicleakdetection.com\/mx#organization\"},\"alternateName\":\"VIC\",\"potentialAction\":[{\"@type\":\"SearchAction\",\"target\":{\"@type\":\"EntryPoint\",\"urlTemplate\":\"https:\/\/vicleakdetection.com\/mx?s={search_term_string}\"},\"query-input\":{\"@type\":\"PropertyValueSpecification\",\"valueRequired\":true,\"valueName\":\"search_term_string\"}}],\"inLanguage\":\"es\"},{\"@type\":\"Organization\",\"@id\":\"https:\/\/vicleakdetection.com\/mx#organization\",\"name\":\"Vacuum Instruments Corp.\",\"alternateName\":\"VIC\",\"url\":\"https:\/\/vicleakdetection.com\/mx\",\"logo\":{\"@type\":\"ImageObject\",\"inLanguage\":\"es\",\"@id\":\"https:\/\/vicleakdetection.com\/mx#\/schema\/logo\/image\/\",\"url\":\"https:\/\/vicleakdetection.com\/wp-content\/uploads\/2024\/03\/VIC.png\",\"contentUrl\":\"https:\/\/vicleakdetection.com\/wp-content\/uploads\/2024\/03\/VIC.png\",\"width\":4500,\"height\":4500,\"caption\":\"Vacuum Instruments Corp.\"},\"image\":{\"@id\":\"https:\/\/vicleakdetection.com\/mx#\/schema\/logo\/image\/\"},\"sameAs\":[\"https:\/\/www.linkedin.com\/company\/vic-leak-detection\/\"]}]}<\/script>\n<!-- \/ Yoast SEO plugin. -->","yoast_head_json":{"title":"Soluciones de Prueba de Fugas en el Rail de Combustible - VIC","description":"Prueba r\u00e1pida de fugas en el rail de combustible con el sistema VIC Gas Rastreable, ideal para baja y alta presi\u00f3n.","robots":{"index":"index","follow":"follow","max-snippet":"max-snippet:-1","max-image-preview":"max-image-preview:large","max-video-preview":"max-video-preview:-1"},"canonical":"https:\/\/vicleakdetection.com\/mx\/productos\/soluciones-personalizadas-de-deteccion-de-fugas\/soluciones-de-prueba-de-fugas-en-el-rail-de-combustible","og_locale":"es_MX","og_type":"article","og_title":"Soluciones de Prueba de Fugas en el Rail de Combustible - VIC","og_description":"Prueba r\u00e1pida de fugas en el rail de combustible con el sistema VIC Gas Rastreable, ideal para baja y alta presi\u00f3n.","og_url":"https:\/\/vicleakdetection.com\/mx\/productos\/soluciones-personalizadas-de-deteccion-de-fugas\/soluciones-de-prueba-de-fugas-en-el-rail-de-combustible","og_site_name":"VIC Detecci\u00f3n de Fugas","article_modified_time":"2025-09-08T14:59:19+00:00","twitter_card":"summary_large_image","schema":{"@context":"https:\/\/schema.org","@graph":[{"@type":"WebPage","@id":"https:\/\/vicleakdetection.com\/mx\/productos\/soluciones-personalizadas-de-deteccion-de-fugas\/soluciones-de-prueba-de-fugas-en-el-rail-de-combustible","url":"https:\/\/vicleakdetection.com\/mx\/productos\/soluciones-personalizadas-de-deteccion-de-fugas\/soluciones-de-prueba-de-fugas-en-el-rail-de-combustible","name":"Soluciones de Prueba de Fugas en el Rail de Combustible - VIC","isPartOf":{"@id":"https:\/\/vicleakdetection.com\/mx#website"},"datePublished":"2023-11-15T18:46:09+00:00","dateModified":"2025-09-08T14:59:19+00:00","description":"Prueba r\u00e1pida de fugas en el rail de combustible con el sistema VIC Gas Rastreable, ideal para baja y alta presi\u00f3n.","breadcrumb":{"@id":"https:\/\/vicleakdetection.com\/mx\/productos\/soluciones-personalizadas-de-deteccion-de-fugas\/soluciones-de-prueba-de-fugas-en-el-rail-de-combustible#breadcrumb"},"inLanguage":"es","potentialAction":[{"@type":"ReadAction","target":["https:\/\/vicleakdetection.com\/mx\/productos\/soluciones-personalizadas-de-deteccion-de-fugas\/soluciones-de-prueba-de-fugas-en-el-rail-de-combustible"]}]},{"@type":"BreadcrumbList","@id":"https:\/\/vicleakdetection.com\/mx\/productos\/soluciones-personalizadas-de-deteccion-de-fugas\/soluciones-de-prueba-de-fugas-en-el-rail-de-combustible#breadcrumb","itemListElement":[{"@type":"ListItem","position":1,"name":"VIC","item":"https:\/\/vicleakdetection.com\/mx"},{"@type":"ListItem","position":2,"name":"Soluciones Llave en Mano para Pruebas de Fugas","item":"https:\/\/vicleakdetection.com\/mx\/productos"},{"@type":"ListItem","position":3,"name":"Soluciones personalizadas de detecci\u00f3n de fugas","item":"https:\/\/vicleakdetection.com\/mx\/productos\/soluciones-personalizadas-de-deteccion-de-fugas"},{"@type":"ListItem","position":4,"name":"Soluciones de Prueba de Fugas en el Rail de Combustible"}]},{"@type":"WebSite","@id":"https:\/\/vicleakdetection.com\/mx#website","url":"https:\/\/vicleakdetection.com\/mx","name":"Vacuum Instrument","description":"","publisher":{"@id":"https:\/\/vicleakdetection.com\/mx#organization"},"alternateName":"VIC","potentialAction":[{"@type":"SearchAction","target":{"@type":"EntryPoint","urlTemplate":"https:\/\/vicleakdetection.com\/mx?s={search_term_string}"},"query-input":{"@type":"PropertyValueSpecification","valueRequired":true,"valueName":"search_term_string"}}],"inLanguage":"es"},{"@type":"Organization","@id":"https:\/\/vicleakdetection.com\/mx#organization","name":"Vacuum Instruments Corp.","alternateName":"VIC","url":"https:\/\/vicleakdetection.com\/mx","logo":{"@type":"ImageObject","inLanguage":"es","@id":"https:\/\/vicleakdetection.com\/mx#\/schema\/logo\/image\/","url":"https:\/\/vicleakdetection.com\/wp-content\/uploads\/2024\/03\/VIC.png","contentUrl":"https:\/\/vicleakdetection.com\/wp-content\/uploads\/2024\/03\/VIC.png","width":4500,"height":4500,"caption":"Vacuum Instruments Corp."},"image":{"@id":"https:\/\/vicleakdetection.com\/mx#\/schema\/logo\/image\/"},"sameAs":["https:\/\/www.linkedin.com\/company\/vic-leak-detection\/"]}]}},"_links":{"self":[{"href":"https:\/\/vicleakdetection.com\/mx\/wp-json\/wp\/v2\/pages\/2301","targetHints":{"allow":["GET"]}}],"collection":[{"href":"https:\/\/vicleakdetection.com\/mx\/wp-json\/wp\/v2\/pages"}],"about":[{"href":"https:\/\/vicleakdetection.com\/mx\/wp-json\/wp\/v2\/types\/page"}],"author":[{"embeddable":true,"href":"https:\/\/vicleakdetection.com\/mx\/wp-json\/wp\/v2\/users\/1"}],"replies":[{"embeddable":true,"href":"https:\/\/vicleakdetection.com\/mx\/wp-json\/wp\/v2\/comments?post=2301"}],"version-history":[{"count":6,"href":"https:\/\/vicleakdetection.com\/mx\/wp-json\/wp\/v2\/pages\/2301\/revisions"}],"predecessor-version":[{"id":4609,"href":"https:\/\/vicleakdetection.com\/mx\/wp-json\/wp\/v2\/pages\/2301\/revisions\/4609"}],"up":[{"embeddable":true,"href":"https:\/\/vicleakdetection.com\/mx\/wp-json\/wp\/v2\/pages\/2304"}],"wp:attachment":[{"href":"https:\/\/vicleakdetection.com\/mx\/wp-json\/wp\/v2\/media?parent=2301"}],"curies":[{"name":"wp","href":"https:\/\/api.w.org\/{rel}","templated":true}]}}