{"id":2315,"date":"2023-11-15T14:50:44","date_gmt":"2023-11-15T19:50:44","guid":{"rendered":"https:\/\/vicleakdetection.com\/solicitar-presupuesto-contacto"},"modified":"2025-09-18T07:52:28","modified_gmt":"2025-09-18T11:52:28","slug":"solicitar-presupuesto-contacto","status":"publish","type":"page","link":"https:\/\/vicleakdetection.com\/mx\/solicitar-presupuesto-contacto","title":{"rendered":"Contacto"},"content":{"rendered":"<div class=\"fusion-fullwidth fullwidth-box fusion-builder-row-1 fusion-flex-container has-pattern-background has-mask-background nonhundred-percent-fullwidth non-hundred-percent-height-scrolling\" style=\"--awb-border-radius-top-left:0px;--awb-border-radius-top-right:0px;--awb-border-radius-bottom-right:0px;--awb-border-radius-bottom-left:0px;--awb-margin-top:11px;--awb-flex-wrap:wrap;\" ><div class=\"fusion-builder-row fusion-row fusion-flex-align-items-flex-start fusion-flex-content-wrap\" style=\"max-width:1248px;margin-left: calc(-4% \/ 2 );margin-right: calc(-4% \/ 2 );\"><div class=\"fusion-layout-column fusion_builder_column fusion-builder-column-0 fusion_builder_column_1_1 1_1 fusion-flex-column\" style=\"--awb-bg-size:cover;--awb-width-large:100%;--awb-margin-top-large:0px;--awb-spacing-right-large:1.92%;--awb-margin-bottom-large:20px;--awb-spacing-left-large:1.92%;--awb-width-medium:100%;--awb-order-medium:0;--awb-spacing-right-medium:1.92%;--awb-spacing-left-medium:1.92%;--awb-width-small:100%;--awb-order-small:0;--awb-spacing-right-small:1.92%;--awb-spacing-left-small:1.92%;\"><div class=\"fusion-column-wrapper fusion-column-has-shadow fusion-flex-justify-content-flex-start fusion-content-layout-column\"><div class=\"fusion-separator\" style=\"align-self: flex-start;margin-right:auto;width:100%;max-width:60px;\"><div class=\"fusion-separator-border sep-single sep-solid\" style=\"--awb-height:20px;--awb-amount:20px;--awb-sep-color:var(--awb-color5);border-color:var(--awb-color5);border-top-width:3px;\"><\/div><\/div><div class=\"fusion-text fusion-text-1\"><h1 style=\"font-size: 26px; font-family: Lato; font-weight: 900;\"><span style=\"color: var(--awb-color5);\">P\u00d3NGASE EN CONTACTO <span style=\"color: #141617;\">CON UN INGENIERO DE <\/span><span style=\"color: #141617;\">PRUEBA DE FUGAS<\/span><\/span><\/h1>\n<\/div><div class=\"fusion-text fusion-text-2\"><p>Estamos aqu\u00ed para ayudarle con todas sus necesidades de tecnolog\u00eda de vac\u00edo. Ya sea que est\u00e9 buscando asesoramiento de expertos, necesite una cotizaci\u00f3n o tenga preguntas espec\u00edficas sobre nuestros productos y servicios, nuestro equipo dedicado est\u00e1 listo para brindarle asistencia personalizada. Complete el siguiente formulario con sus datos y consultas, y uno de nuestros especialistas se pondr\u00e1 en contacto con usted a la brevedad. En Vacuum Instrument Corp, su satisfacci\u00f3n es nuestra principal prioridad y esperamos poder ayudarle a alcanzar sus objetivos.<\/p>\n<\/div><\/div><\/div><div class=\"fusion-layout-column fusion_builder_column fusion-builder-column-1 fusion_builder_column_1_2 1_2 fusion-flex-column\" style=\"--awb-bg-size:cover;--awb-width-large:50%;--awb-margin-top-large:0px;--awb-spacing-right-large:3.84%;--awb-margin-bottom-large:20px;--awb-spacing-left-large:3.84%;--awb-width-medium:50%;--awb-order-medium:0;--awb-spacing-right-medium:3.84%;--awb-spacing-left-medium:3.84%;--awb-width-small:100%;--awb-order-small:0;--awb-spacing-right-small:1.92%;--awb-spacing-left-small:1.92%;\"><div class=\"fusion-column-wrapper fusion-column-has-shadow fusion-flex-justify-content-flex-start fusion-content-layout-column\"><script charset=\"utf-8\" type=\"text\/javascript\" src=\"\/\/js.hsforms.net\/forms\/embed\/v2.js\"><\/script><script>hbspt.forms.create({\n    region: \"na1\",\n    portalId: \"24316711\",\n    formId: \"05116dd0-0f89-4bda-9494-a4b378ffe233\"\n  });\n<\/script><\/div><\/div><div class=\"fusion-layout-column fusion_builder_column fusion-builder-column-2 fusion_builder_column_1_2 1_2 fusion-flex-column\" style=\"--awb-bg-size:cover;--awb-width-large:50%;--awb-margin-top-large:0px;--awb-spacing-right-large:3.84%;--awb-margin-bottom-large:20px;--awb-spacing-left-large:3.84%;--awb-width-medium:50%;--awb-order-medium:0;--awb-spacing-right-medium:3.84%;--awb-spacing-left-medium:3.84%;--awb-width-small:100%;--awb-order-small:0;--awb-spacing-right-small:1.92%;--awb-spacing-left-small:1.92%;\"><div class=\"fusion-column-wrapper fusion-column-has-shadow fusion-flex-justify-content-flex-start fusion-content-layout-column\"><div id=\"mapplic-id2071\" data-mapdata=\"{&quot;mapwidth&quot;:&quot;600&quot;,&quot;mapheight&quot;:&quot;400&quot;,&quot;action&quot;:&quot;tooltip&quot;,&quot;maxscale&quot;:&quot;3&quot;,&quot;basecolor&quot;:&quot;#ffc857&quot;,&quot;fullscreen&quot;:false,&quot;hovertip&quot;:true,&quot;hovertipdesc&quot;:false,&quot;smartip&quot;:false,&quot;deeplinking&quot;:true,&quot;linknewtab&quot;:false,&quot;minimap&quot;:false,&quot;animations&quot;:false,&quot;zoom&quot;:true,&quot;zoombuttons&quot;:true,&quot;clearbutton&quot;:true,&quot;zoomoutclose&quot;:true,&quot;closezoomout&quot;:true,&quot;mousewheel&quot;:true,&quot;mapfill&quot;:false,&quot;sidebar&quot;:false,&quot;search&quot;:false,&quot;searchdescription&quot;:false,&quot;alphabetic&quot;:false,&quot;thumbholder&quot;:false,&quot;sidebartoggle&quot;:false,&quot;filtersopened&quot;:false,&quot;highlight&quot;:false,&quot;customcss&quot;:&quot;&quot;,&quot;levels&quot;:[{&quot;id&quot;:&quot;my-mapmx&quot;,&quot;title&quot;:&quot;MxMap&quot;,&quot;map&quot;:&quot;\\\/\\\/vicleakdetection.com\\\/wp-content\\\/uploads\\\/2025\\\/09\\\/Mexico_Map_yellow.svg&quot;,&quot;minimap&quot;:&quot;&quot;}],&quot;styles&quot;:[{&quot;base&quot;:{&quot;fill&quot;:&quot;#ce003d&quot;},&quot;hover&quot;:{&quot;fill&quot;:&quot;#87b38d&quot;},&quot;active&quot;:{&quot;fill&quot;:&quot;#f24c00&quot;},&quot;class&quot;:&quot;style1&quot;}],&quot;categories&quot;:[],&quot;locations&quot;:[{&quot;title&quot;:&quot;Vaccinstruments&quot;,&quot;id&quot;:&quot;mx1&quot;,&quot;description&quot;:&quot;&lt;p&gt;&lt;span data-teams=\\&quot;true\\&quot;&gt;Vaccinstruments de M\\u00e9xico S de RL de CV&lt;br \\\/&gt;Circuito Balvanera 5A Int.16&lt;br \\\/&gt;Zona Industrial Balvanera, Qro. 76908&lt;\\\/span&gt;&lt;\\\/p&gt;&quot;,&quot;pin&quot;:&quot;pin-marker pin-label&quot;,&quot;action&quot;:&quot;default&quot;,&quot;x&quot;:&quot;0.2925&quot;,&quot;y&quot;:&quot;0.3692&quot;,&quot;level&quot;:&quot;my-mapmx&quot;,&quot;fill&quot;:&quot;#ce003d&quot;,&quot;color&quot;:&quot;#ce003d&quot;},{&quot;title&quot;:&quot;Vaccinstruments&quot;,&quot;id&quot;:&quot;cj&quot;,&quot;description&quot;:&quot;&lt;p&gt;&lt;span data-teams=\\&quot;true\\&quot;&gt;Osvaldo Ordonez &lt;br \\\/&gt;oordonez@vicleakdetection.com&lt;br \\\/&gt;T. 442 244 9755&lt;br \\\/&gt;M. 65 6356 1540&lt;br \\\/&gt;Ciudad Ju\\u00e1rez, Chihuahua&lt;\\\/span&gt;&lt;\\\/p&gt;&quot;,&quot;pin&quot;:&quot;pin-marker pin-label&quot;,&quot;fill&quot;:&quot;#ce003d&quot;,&quot;action&quot;:&quot;default&quot;,&quot;x&quot;:&quot;0.1943&quot;,&quot;y&quot;:&quot;0.0629&quot;,&quot;level&quot;:&quot;my-mapmx&quot;,&quot;color&quot;:&quot;#ffc857&quot;}]}\"><\/div>\t<\/div><\/div><\/div><\/div>\n","protected":false},"excerpt":{"rendered":"","protected":false},"author":1,"featured_media":0,"parent":0,"menu_order":0,"comment_status":"closed","ping_status":"closed","template":"100-width.php","meta":{"content-type":"","footnotes":""},"class_list":["post-2315","page","type-page","status-publish","hentry"],"yoast_head":"<!-- This site is optimized with the Yoast SEO plugin v27.2 - https:\/\/yoast.com\/product\/yoast-seo-wordpress\/ -->\n<title>Contacto - VIC | Habla con nosotros para soluciones de fugas<\/title>\n<meta name=\"description\" content=\"Ponte en contacto con VIC para recibir asesor\u00eda sobre detectores de fugas y mejorar tu control de calidad industrial.\" \/>\n<meta name=\"robots\" content=\"index, follow, max-snippet:-1, max-image-preview:large, max-video-preview:-1\" \/>\n<link rel=\"canonical\" href=\"https:\/\/vicleakdetection.com\/mx\/solicitar-presupuesto-contacto\" \/>\n<meta property=\"og:locale\" content=\"es_MX\" \/>\n<meta property=\"og:type\" content=\"article\" \/>\n<meta property=\"og:title\" content=\"Contacto - VIC | Habla con nosotros para soluciones de fugas\" \/>\n<meta property=\"og:description\" content=\"Ponte en contacto con VIC para recibir asesor\u00eda sobre detectores de fugas y mejorar tu control de calidad industrial.\" \/>\n<meta property=\"og:url\" content=\"https:\/\/vicleakdetection.com\/mx\/solicitar-presupuesto-contacto\" \/>\n<meta property=\"og:site_name\" content=\"VIC Detecci\u00f3n de Fugas\" \/>\n<meta property=\"article:modified_time\" content=\"2025-09-18T11:52:28+00:00\" \/>\n<meta name=\"twitter:card\" content=\"summary_large_image\" \/>\n<script type=\"application\/ld+json\" class=\"yoast-schema-graph\">{\"@context\":\"https:\/\/schema.org\",\"@graph\":[{\"@type\":\"WebPage\",\"@id\":\"https:\/\/vicleakdetection.com\/mx\/solicitar-presupuesto-contacto\",\"url\":\"https:\/\/vicleakdetection.com\/mx\/solicitar-presupuesto-contacto\",\"name\":\"Contacto - VIC | Habla con nosotros para soluciones de fugas\",\"isPartOf\":{\"@id\":\"https:\/\/vicleakdetection.com\/mx#website\"},\"datePublished\":\"2023-11-15T19:50:44+00:00\",\"dateModified\":\"2025-09-18T11:52:28+00:00\",\"description\":\"Ponte en contacto con VIC para recibir asesor\u00eda sobre detectores de fugas y mejorar tu control de calidad industrial.\",\"breadcrumb\":{\"@id\":\"https:\/\/vicleakdetection.com\/mx\/solicitar-presupuesto-contacto#breadcrumb\"},\"inLanguage\":\"es\",\"potentialAction\":[{\"@type\":\"ReadAction\",\"target\":[\"https:\/\/vicleakdetection.com\/mx\/solicitar-presupuesto-contacto\"]}]},{\"@type\":\"BreadcrumbList\",\"@id\":\"https:\/\/vicleakdetection.com\/mx\/solicitar-presupuesto-contacto#breadcrumb\",\"itemListElement\":[{\"@type\":\"ListItem\",\"position\":1,\"name\":\"VIC\",\"item\":\"https:\/\/vicleakdetection.com\/mx\"},{\"@type\":\"ListItem\",\"position\":2,\"name\":\"Contacto\"}]},{\"@type\":\"WebSite\",\"@id\":\"https:\/\/vicleakdetection.com\/mx#website\",\"url\":\"https:\/\/vicleakdetection.com\/mx\",\"name\":\"Vacuum Instrument\",\"description\":\"\",\"publisher\":{\"@id\":\"https:\/\/vicleakdetection.com\/mx#organization\"},\"alternateName\":\"VIC\",\"potentialAction\":[{\"@type\":\"SearchAction\",\"target\":{\"@type\":\"EntryPoint\",\"urlTemplate\":\"https:\/\/vicleakdetection.com\/mx?s={search_term_string}\"},\"query-input\":{\"@type\":\"PropertyValueSpecification\",\"valueRequired\":true,\"valueName\":\"search_term_string\"}}],\"inLanguage\":\"es\"},{\"@type\":\"Organization\",\"@id\":\"https:\/\/vicleakdetection.com\/mx#organization\",\"name\":\"Vacuum Instruments Corp.\",\"alternateName\":\"VIC\",\"url\":\"https:\/\/vicleakdetection.com\/mx\",\"logo\":{\"@type\":\"ImageObject\",\"inLanguage\":\"es\",\"@id\":\"https:\/\/vicleakdetection.com\/mx#\/schema\/logo\/image\/\",\"url\":\"https:\/\/vicleakdetection.com\/wp-content\/uploads\/2024\/03\/VIC.png\",\"contentUrl\":\"https:\/\/vicleakdetection.com\/wp-content\/uploads\/2024\/03\/VIC.png\",\"width\":4500,\"height\":4500,\"caption\":\"Vacuum Instruments Corp.\"},\"image\":{\"@id\":\"https:\/\/vicleakdetection.com\/mx#\/schema\/logo\/image\/\"},\"sameAs\":[\"https:\/\/www.linkedin.com\/company\/vic-leak-detection\/\"]}]}<\/script>\n<!-- \/ Yoast SEO plugin. -->","yoast_head_json":{"title":"Contacto - VIC | Habla con nosotros para soluciones de fugas","description":"Ponte en contacto con VIC para recibir asesor\u00eda sobre detectores de fugas y mejorar tu control de calidad industrial.","robots":{"index":"index","follow":"follow","max-snippet":"max-snippet:-1","max-image-preview":"max-image-preview:large","max-video-preview":"max-video-preview:-1"},"canonical":"https:\/\/vicleakdetection.com\/mx\/solicitar-presupuesto-contacto","og_locale":"es_MX","og_type":"article","og_title":"Contacto - VIC | Habla con nosotros para soluciones de fugas","og_description":"Ponte en contacto con VIC para recibir asesor\u00eda sobre detectores de fugas y mejorar tu control de calidad industrial.","og_url":"https:\/\/vicleakdetection.com\/mx\/solicitar-presupuesto-contacto","og_site_name":"VIC Detecci\u00f3n de Fugas","article_modified_time":"2025-09-18T11:52:28+00:00","twitter_card":"summary_large_image","schema":{"@context":"https:\/\/schema.org","@graph":[{"@type":"WebPage","@id":"https:\/\/vicleakdetection.com\/mx\/solicitar-presupuesto-contacto","url":"https:\/\/vicleakdetection.com\/mx\/solicitar-presupuesto-contacto","name":"Contacto - VIC | Habla con nosotros para soluciones de fugas","isPartOf":{"@id":"https:\/\/vicleakdetection.com\/mx#website"},"datePublished":"2023-11-15T19:50:44+00:00","dateModified":"2025-09-18T11:52:28+00:00","description":"Ponte en contacto con VIC para recibir asesor\u00eda sobre detectores de fugas y mejorar tu control de calidad industrial.","breadcrumb":{"@id":"https:\/\/vicleakdetection.com\/mx\/solicitar-presupuesto-contacto#breadcrumb"},"inLanguage":"es","potentialAction":[{"@type":"ReadAction","target":["https:\/\/vicleakdetection.com\/mx\/solicitar-presupuesto-contacto"]}]},{"@type":"BreadcrumbList","@id":"https:\/\/vicleakdetection.com\/mx\/solicitar-presupuesto-contacto#breadcrumb","itemListElement":[{"@type":"ListItem","position":1,"name":"VIC","item":"https:\/\/vicleakdetection.com\/mx"},{"@type":"ListItem","position":2,"name":"Contacto"}]},{"@type":"WebSite","@id":"https:\/\/vicleakdetection.com\/mx#website","url":"https:\/\/vicleakdetection.com\/mx","name":"Vacuum Instrument","description":"","publisher":{"@id":"https:\/\/vicleakdetection.com\/mx#organization"},"alternateName":"VIC","potentialAction":[{"@type":"SearchAction","target":{"@type":"EntryPoint","urlTemplate":"https:\/\/vicleakdetection.com\/mx?s={search_term_string}"},"query-input":{"@type":"PropertyValueSpecification","valueRequired":true,"valueName":"search_term_string"}}],"inLanguage":"es"},{"@type":"Organization","@id":"https:\/\/vicleakdetection.com\/mx#organization","name":"Vacuum Instruments Corp.","alternateName":"VIC","url":"https:\/\/vicleakdetection.com\/mx","logo":{"@type":"ImageObject","inLanguage":"es","@id":"https:\/\/vicleakdetection.com\/mx#\/schema\/logo\/image\/","url":"https:\/\/vicleakdetection.com\/wp-content\/uploads\/2024\/03\/VIC.png","contentUrl":"https:\/\/vicleakdetection.com\/wp-content\/uploads\/2024\/03\/VIC.png","width":4500,"height":4500,"caption":"Vacuum Instruments Corp."},"image":{"@id":"https:\/\/vicleakdetection.com\/mx#\/schema\/logo\/image\/"},"sameAs":["https:\/\/www.linkedin.com\/company\/vic-leak-detection\/"]}]}},"_links":{"self":[{"href":"https:\/\/vicleakdetection.com\/mx\/wp-json\/wp\/v2\/pages\/2315","targetHints":{"allow":["GET"]}}],"collection":[{"href":"https:\/\/vicleakdetection.com\/mx\/wp-json\/wp\/v2\/pages"}],"about":[{"href":"https:\/\/vicleakdetection.com\/mx\/wp-json\/wp\/v2\/types\/page"}],"author":[{"embeddable":true,"href":"https:\/\/vicleakdetection.com\/mx\/wp-json\/wp\/v2\/users\/1"}],"replies":[{"embeddable":true,"href":"https:\/\/vicleakdetection.com\/mx\/wp-json\/wp\/v2\/comments?post=2315"}],"version-history":[{"count":8,"href":"https:\/\/vicleakdetection.com\/mx\/wp-json\/wp\/v2\/pages\/2315\/revisions"}],"predecessor-version":[{"id":4747,"href":"https:\/\/vicleakdetection.com\/mx\/wp-json\/wp\/v2\/pages\/2315\/revisions\/4747"}],"wp:attachment":[{"href":"https:\/\/vicleakdetection.com\/mx\/wp-json\/wp\/v2\/media?parent=2315"}],"curies":[{"name":"wp","href":"https:\/\/api.w.org\/{rel}","templated":true}]}}