{"id":2334,"date":"2023-09-14T13:35:21","date_gmt":"2023-09-14T11:35:21","guid":{"rendered":"https:\/\/vicleakdetection.com\/acuerdos-de-servicio-yieldguard%e2%84%a0"},"modified":"2025-10-16T08:20:04","modified_gmt":"2025-10-16T14:20:04","slug":"acuerdos-de-servicio-yieldguard","status":"publish","type":"page","link":"https:\/\/vicleakdetection.com\/mx\/acuerdos-de-servicio-yieldguard","title":{"rendered":"Acuerdos de servicio YieldGuard"},"content":{"rendered":"<div class=\"fusion-fullwidth fullwidth-box fusion-builder-row-1 fusion-flex-container has-pattern-background has-mask-background nonhundred-percent-fullwidth non-hundred-percent-height-scrolling\" style=\"--awb-border-radius-top-left:0px;--awb-border-radius-top-right:0px;--awb-border-radius-bottom-right:0px;--awb-border-radius-bottom-left:0px;--awb-flex-wrap:wrap;\" ><div class=\"fusion-builder-row fusion-row fusion-flex-align-items-flex-start fusion-flex-content-wrap\" style=\"max-width:1248px;margin-left: calc(-4% \/ 2 );margin-right: calc(-4% \/ 2 );\"><div class=\"fusion-layout-column fusion_builder_column fusion-builder-column-0 fusion_builder_column_1_1 1_1 fusion-flex-column\" style=\"--awb-bg-size:cover;--awb-width-large:100%;--awb-margin-top-large:0px;--awb-spacing-right-large:1.92%;--awb-margin-bottom-large:20px;--awb-spacing-left-large:1.92%;--awb-width-medium:100%;--awb-order-medium:0;--awb-spacing-right-medium:1.92%;--awb-spacing-left-medium:1.92%;--awb-width-small:100%;--awb-order-small:0;--awb-spacing-right-small:1.92%;--awb-spacing-left-small:1.92%;\"><div class=\"fusion-column-wrapper fusion-column-has-shadow fusion-flex-justify-content-flex-start fusion-content-layout-column\"><div class=\"fusion-title title fusion-title-1 fusion-sep-none fusion-title-text fusion-title-size-div\" style=\"--awb-text-color:#141617;--awb-font-size:26px;\"><div class=\"fusion-title-heading title-heading-left title-heading-tag\" style=\"margin:0;font-size:1em;\"><h1><b>Acuerdos de servicio YieldGuard\u2120<\/b><\/h1><\/div><\/div><div class=\"fusion-separator\" style=\"align-self: flex-start;margin-right:auto;width:100%;max-width:60px;\"><div class=\"fusion-separator-border sep-single sep-solid\" style=\"--awb-height:20px;--awb-amount:20px;--awb-sep-color:var(--awb-color5);border-color:var(--awb-color5);border-top-width:3px;\"><\/div><\/div><div class=\"fusion-text fusion-text-1\"><p>Vacuum Instruments Corporation ofrece a sus clientes un contrato de servicio YieldGuard\u2120. Este acuerdo de servicio a medida ofrece soluciones para cada base instalada de clientes, que requiere preservar altos \u00edndices de rendimiento de las piezas sometidas a prueba, minimizar los costes de los tiempos de inactividad no programados y desea preservar la vida \u00fatil de los activos de detecci\u00f3n de fugas, ya sean instrumentos o sistemas personalizados.<\/p>\n<p>Nuestro equipo de servicio trabaja estrechamente con usted para revisar su base instalada y explorar sus opciones de servicio para recomendarle un programa de servicio que se adapte a sus necesidades. Existen varias opciones de asistencia disponibles, que pueden seleccionarse a la carta seg\u00fan sea necesario para satisfacer sus necesidades presupuestarias y de asistencia a la base instalada.<\/p>\n<h2>OPCIONES DEL SERVICIO<\/h2>\n<p><u><em>Mantenimiento preventivo<\/em><\/u><\/p>\n<ul>\n<li>Material y Mano de Obra realizados en sitio<\/li>\n<li>S\u00f3lo kits &#8211; Mano de obra del cliente<\/li>\n<li>Programado para adaptarse a la producci\u00f3n<\/li>\n<li>Recalibraci\u00f3n de Fugas de Gas<\/li>\n<\/ul>\n<p><em><u>Reparaci\u00f3n\/revisi\u00f3n de detectores de fugas<\/u><\/em><\/p>\n<p><em><u>Piezas y Cupones de Reparaciones<\/u><\/em><\/p>\n<p><em><u>Congelaci\u00f3n de los Precios de Apoyo Material<\/u><\/em><\/p>\n<p><em><u>Banco Laboral<\/u><\/em><\/p>\n<p><u><em>Soporte T\u00e9cnico<\/em><\/u><\/p>\n<ul>\n<li>Atenci\u00f3n Telef\u00f3nica Gratuita<\/li>\n<li>Niveles de Servicio<\/li>\n<li>Respuesta in sitio las 24 horas<\/li>\n<li>72 horas de respuesta in sitio<\/li>\n<li>Respuesta en cuanto sea posible<\/li>\n<\/ul>\n<p><u><em>Gesti\u00f3n del inventario<\/em><\/u><\/p>\n<ul>\n<li>Env\u00edo de kits PM y consumibles<\/li>\n<li>Piezas de repuesto adicionales<\/li>\n<\/ul>\n<p><strong>Opciones de instalaci\u00f3n en base<\/strong><br \/>\nPara su comodidad, VIC ofrece acuerdos de servicio para todo nuestro equipo en su sitio, una selecci\u00f3n parcial de su equipo en su sitio, o para m\u00faltiples sitios.<\/p>\n<p><strong>Opciones de Plazos<\/strong><br \/>\nLos contratos de servicios suelen renovarse anualmente, pero tambi\u00e9n pueden renovarse en varios a\u00f1os y en algunos casos, son m\u00e1s rentables.<\/p>\n<p><strong>Opci\u00f3n de Extensi\u00f3n de Garant\u00eda<\/strong><br \/>\nLa Extenci\u00f3n de Garant\u00eda es una opci\u00f3n muy popular. Este tipo de acuerdo puede permitir que un acuerdo de servicio se incluya en el coste CAPEX de la compra, en contraposici\u00f3n a los costes OPEX.<\/p>\n<p><em>Al igual que con todas las ofertas basadas en soluciones de VIC, existen condiciones de facturaci\u00f3n flexibles que se adaptan a sus necesidades presupuestarias. La facturaci\u00f3n puede ser anual, trimestral o mensual.<\/em><\/p>\n<\/div><\/div><\/div><\/div><\/div>\n","protected":false},"excerpt":{"rendered":"","protected":false},"author":1,"featured_media":0,"parent":0,"menu_order":0,"comment_status":"closed","ping_status":"closed","template":"","meta":{"content-type":"","footnotes":""},"class_list":["post-2334","page","type-page","status-publish","hentry"],"yoast_head":"<!-- This site is optimized with the Yoast SEO plugin v27.2 - https:\/\/yoast.com\/product\/yoast-seo-wordpress\/ -->\n<title>Acuerdos de servicio YieldGuard - VIC Detecci\u00f3n de Fugas<\/title>\n<meta name=\"description\" content=\"Contrato de servicio YieldGuard: soporte flexible para mantener el rendimiento y la vida \u00fatil de sus sistemas de detecci\u00f3n de fugas.\" \/>\n<meta name=\"robots\" content=\"index, follow, max-snippet:-1, max-image-preview:large, max-video-preview:-1\" \/>\n<link rel=\"canonical\" href=\"https:\/\/vicleakdetection.com\/mx\/acuerdos-de-servicio-yieldguard\" \/>\n<meta property=\"og:locale\" content=\"es_MX\" \/>\n<meta property=\"og:type\" content=\"article\" \/>\n<meta property=\"og:title\" content=\"Acuerdos de servicio YieldGuard - VIC Detecci\u00f3n de Fugas\" \/>\n<meta property=\"og:description\" content=\"Contrato de servicio YieldGuard: soporte flexible para mantener el rendimiento y la vida \u00fatil de sus sistemas de detecci\u00f3n de fugas.\" \/>\n<meta property=\"og:url\" content=\"https:\/\/vicleakdetection.com\/mx\/acuerdos-de-servicio-yieldguard\" \/>\n<meta property=\"og:site_name\" content=\"VIC Detecci\u00f3n de Fugas\" \/>\n<meta property=\"article:modified_time\" content=\"2025-10-16T14:20:04+00:00\" \/>\n<meta name=\"twitter:card\" content=\"summary_large_image\" \/>\n<script type=\"application\/ld+json\" class=\"yoast-schema-graph\">{\"@context\":\"https:\/\/schema.org\",\"@graph\":[{\"@type\":\"WebPage\",\"@id\":\"https:\/\/vicleakdetection.com\/mx\/acuerdos-de-servicio-yieldguard\",\"url\":\"https:\/\/vicleakdetection.com\/mx\/acuerdos-de-servicio-yieldguard\",\"name\":\"Acuerdos de servicio YieldGuard - VIC Detecci\u00f3n de Fugas\",\"isPartOf\":{\"@id\":\"https:\/\/vicleakdetection.com\/mx#website\"},\"datePublished\":\"2023-09-14T11:35:21+00:00\",\"dateModified\":\"2025-10-16T14:20:04+00:00\",\"description\":\"Contrato de servicio YieldGuard: soporte flexible para mantener el rendimiento y la vida \u00fatil de sus sistemas de detecci\u00f3n de fugas.\",\"breadcrumb\":{\"@id\":\"https:\/\/vicleakdetection.com\/mx\/acuerdos-de-servicio-yieldguard#breadcrumb\"},\"inLanguage\":\"es\",\"potentialAction\":[{\"@type\":\"ReadAction\",\"target\":[\"https:\/\/vicleakdetection.com\/mx\/acuerdos-de-servicio-yieldguard\"]}]},{\"@type\":\"BreadcrumbList\",\"@id\":\"https:\/\/vicleakdetection.com\/mx\/acuerdos-de-servicio-yieldguard#breadcrumb\",\"itemListElement\":[{\"@type\":\"ListItem\",\"position\":1,\"name\":\"VIC\",\"item\":\"https:\/\/vicleakdetection.com\/mx\"},{\"@type\":\"ListItem\",\"position\":2,\"name\":\"Acuerdos de servicio YieldGuard\"}]},{\"@type\":\"WebSite\",\"@id\":\"https:\/\/vicleakdetection.com\/mx#website\",\"url\":\"https:\/\/vicleakdetection.com\/mx\",\"name\":\"Vacuum Instrument\",\"description\":\"\",\"publisher\":{\"@id\":\"https:\/\/vicleakdetection.com\/mx#organization\"},\"alternateName\":\"VIC\",\"potentialAction\":[{\"@type\":\"SearchAction\",\"target\":{\"@type\":\"EntryPoint\",\"urlTemplate\":\"https:\/\/vicleakdetection.com\/mx?s={search_term_string}\"},\"query-input\":{\"@type\":\"PropertyValueSpecification\",\"valueRequired\":true,\"valueName\":\"search_term_string\"}}],\"inLanguage\":\"es\"},{\"@type\":\"Organization\",\"@id\":\"https:\/\/vicleakdetection.com\/mx#organization\",\"name\":\"Vacuum Instruments Corp.\",\"alternateName\":\"VIC\",\"url\":\"https:\/\/vicleakdetection.com\/mx\",\"logo\":{\"@type\":\"ImageObject\",\"inLanguage\":\"es\",\"@id\":\"https:\/\/vicleakdetection.com\/mx#\/schema\/logo\/image\/\",\"url\":\"https:\/\/vicleakdetection.com\/wp-content\/uploads\/2024\/03\/VIC.png\",\"contentUrl\":\"https:\/\/vicleakdetection.com\/wp-content\/uploads\/2024\/03\/VIC.png\",\"width\":4500,\"height\":4500,\"caption\":\"Vacuum Instruments Corp.\"},\"image\":{\"@id\":\"https:\/\/vicleakdetection.com\/mx#\/schema\/logo\/image\/\"},\"sameAs\":[\"https:\/\/www.linkedin.com\/company\/vic-leak-detection\/\"]}]}<\/script>\n<!-- \/ Yoast SEO plugin. -->","yoast_head_json":{"title":"Acuerdos de servicio YieldGuard - VIC Detecci\u00f3n de Fugas","description":"Contrato de servicio YieldGuard: soporte flexible para mantener el rendimiento y la vida \u00fatil de sus sistemas de detecci\u00f3n de fugas.","robots":{"index":"index","follow":"follow","max-snippet":"max-snippet:-1","max-image-preview":"max-image-preview:large","max-video-preview":"max-video-preview:-1"},"canonical":"https:\/\/vicleakdetection.com\/mx\/acuerdos-de-servicio-yieldguard","og_locale":"es_MX","og_type":"article","og_title":"Acuerdos de servicio YieldGuard - VIC Detecci\u00f3n de Fugas","og_description":"Contrato de servicio YieldGuard: soporte flexible para mantener el rendimiento y la vida \u00fatil de sus sistemas de detecci\u00f3n de fugas.","og_url":"https:\/\/vicleakdetection.com\/mx\/acuerdos-de-servicio-yieldguard","og_site_name":"VIC Detecci\u00f3n de Fugas","article_modified_time":"2025-10-16T14:20:04+00:00","twitter_card":"summary_large_image","schema":{"@context":"https:\/\/schema.org","@graph":[{"@type":"WebPage","@id":"https:\/\/vicleakdetection.com\/mx\/acuerdos-de-servicio-yieldguard","url":"https:\/\/vicleakdetection.com\/mx\/acuerdos-de-servicio-yieldguard","name":"Acuerdos de servicio YieldGuard - VIC Detecci\u00f3n de Fugas","isPartOf":{"@id":"https:\/\/vicleakdetection.com\/mx#website"},"datePublished":"2023-09-14T11:35:21+00:00","dateModified":"2025-10-16T14:20:04+00:00","description":"Contrato de servicio YieldGuard: soporte flexible para mantener el rendimiento y la vida \u00fatil de sus sistemas de detecci\u00f3n de fugas.","breadcrumb":{"@id":"https:\/\/vicleakdetection.com\/mx\/acuerdos-de-servicio-yieldguard#breadcrumb"},"inLanguage":"es","potentialAction":[{"@type":"ReadAction","target":["https:\/\/vicleakdetection.com\/mx\/acuerdos-de-servicio-yieldguard"]}]},{"@type":"BreadcrumbList","@id":"https:\/\/vicleakdetection.com\/mx\/acuerdos-de-servicio-yieldguard#breadcrumb","itemListElement":[{"@type":"ListItem","position":1,"name":"VIC","item":"https:\/\/vicleakdetection.com\/mx"},{"@type":"ListItem","position":2,"name":"Acuerdos de servicio YieldGuard"}]},{"@type":"WebSite","@id":"https:\/\/vicleakdetection.com\/mx#website","url":"https:\/\/vicleakdetection.com\/mx","name":"Vacuum Instrument","description":"","publisher":{"@id":"https:\/\/vicleakdetection.com\/mx#organization"},"alternateName":"VIC","potentialAction":[{"@type":"SearchAction","target":{"@type":"EntryPoint","urlTemplate":"https:\/\/vicleakdetection.com\/mx?s={search_term_string}"},"query-input":{"@type":"PropertyValueSpecification","valueRequired":true,"valueName":"search_term_string"}}],"inLanguage":"es"},{"@type":"Organization","@id":"https:\/\/vicleakdetection.com\/mx#organization","name":"Vacuum Instruments Corp.","alternateName":"VIC","url":"https:\/\/vicleakdetection.com\/mx","logo":{"@type":"ImageObject","inLanguage":"es","@id":"https:\/\/vicleakdetection.com\/mx#\/schema\/logo\/image\/","url":"https:\/\/vicleakdetection.com\/wp-content\/uploads\/2024\/03\/VIC.png","contentUrl":"https:\/\/vicleakdetection.com\/wp-content\/uploads\/2024\/03\/VIC.png","width":4500,"height":4500,"caption":"Vacuum Instruments Corp."},"image":{"@id":"https:\/\/vicleakdetection.com\/mx#\/schema\/logo\/image\/"},"sameAs":["https:\/\/www.linkedin.com\/company\/vic-leak-detection\/"]}]}},"_links":{"self":[{"href":"https:\/\/vicleakdetection.com\/mx\/wp-json\/wp\/v2\/pages\/2334","targetHints":{"allow":["GET"]}}],"collection":[{"href":"https:\/\/vicleakdetection.com\/mx\/wp-json\/wp\/v2\/pages"}],"about":[{"href":"https:\/\/vicleakdetection.com\/mx\/wp-json\/wp\/v2\/types\/page"}],"author":[{"embeddable":true,"href":"https:\/\/vicleakdetection.com\/mx\/wp-json\/wp\/v2\/users\/1"}],"replies":[{"embeddable":true,"href":"https:\/\/vicleakdetection.com\/mx\/wp-json\/wp\/v2\/comments?post=2334"}],"version-history":[{"count":5,"href":"https:\/\/vicleakdetection.com\/mx\/wp-json\/wp\/v2\/pages\/2334\/revisions"}],"predecessor-version":[{"id":4808,"href":"https:\/\/vicleakdetection.com\/mx\/wp-json\/wp\/v2\/pages\/2334\/revisions\/4808"}],"wp:attachment":[{"href":"https:\/\/vicleakdetection.com\/mx\/wp-json\/wp\/v2\/media?parent=2334"}],"curies":[{"name":"wp","href":"https:\/\/api.w.org\/{rel}","templated":true}]}}